{"id":18120,"date":"2025-04-10T19:38:16","date_gmt":"2025-04-10T17:38:16","guid":{"rendered":"https:\/\/iprki.me\/politika-kolacica\/"},"modified":"2025-06-13T21:16:24","modified_gmt":"2025-06-13T19:16:24","slug":"cookies-policy","status":"publish","type":"page","link":"https:\/\/iprki.me\/en\/cookies-policy\/","title":{"rendered":"Cookies Policy"},"content":{"rendered":"\t\t<div data-elementor-type=\"wp-page\" data-elementor-id=\"18120\" class=\"elementor elementor-18120 elementor-16558\" data-elementor-post-type=\"page\">\n\t\t\t\t        <section class=\"elementor-section elementor-top-section elementor-element elementor-element-797d7f24 elementor-section-boxed elementor-section-height-default elementor-section-height-default pxl-row-scroll-none pxl-zoom-point-false pxl-section-overflow-visible\" data-id=\"797d7f24\" data-element_type=\"section\">\n\n                \n                <div class=\"elementor-container elementor-column-gap-default \">\n                <div class=\"elementor-column elementor-col-100 elementor-top-column elementor-element elementor-element-71a354af pxl-column-none pxl-column-overflow-hidden-no\" data-id=\"71a354af\" data-element_type=\"column\">\r\n        <div class=\"elementor-widget-wrap elementor-element-populated\">\r\n                     \r\n        \t\t<div class=\"elementor-element elementor-element-5a42d820 elementor-widget elementor-widget-text-editor\" data-id=\"5a42d820\" data-element_type=\"widget\" data-widget_type=\"text-editor.default\">\n\t\t\t\t<div class=\"elementor-widget-container\">\n\t\t\t\t\t\t\t\t\t\n<p>Our Cookies Policy was last updated on 10.04.2025<\/p>\n<p>\u00a0<\/p>\n<p>This Cookies Policy explains what Cookies are and how We use them. You should read this policy so You can understand what type of cookies We use, or the information We collect using Cookies and how that information is used.<\/p>\n<p>\u00a0<\/p>\n<p>Cookies do not typically contain any information that personally identifies a user, but personal information that we store about You may be linked to the information stored in and obtained from Cookies. For further information on how We use, store and keep your personal data secure, see our Privacy Policy.<\/p>\n<p>\u00a0<\/p>\n<p>We do not store sensitive personal information, such as mailing addresses, account passwords, etc. in the Cookies We use.<\/p>\n<p>\u00a0<\/p>\n<h2>Interpretation and Definitions<\/h2>\n<h3>Interpretation<\/h3>\n<p>\u00a0<\/p>\n<p>The words of which the initial letter is capitalized have meanings defined under the following conditions. The following definitions shall have the same meaning regardless of whether they appear in singular or in plural.<\/p>\n<h3>Definitions<\/h3>\n<p>\u00a0<\/p>\n<p>For the purposes of this Cookies Policy:<\/p>\n<p>\u00a0<\/p>\n<ul>\n<li>\u201cCompany\u201d (referred to as either &#8220;the Company&#8221;, &#8220;We&#8221;, &#8220;Us&#8221; or &#8220;Our&#8221; in this Cookies Policy) refers to IPRKI.<\/li>\n<\/ul>\n<p>\u00a0<\/p>\n<ul>\n<li>\u201cCookies\u201d means small files that are placed on Your computer, mobile device or any other device by a website, containing details of your browsing history on that website among its many uses.<\/li>\n<\/ul>\n<p>\u00a0<\/p>\n<ul>\n<li>\u201cWebsite\u201d refers to ME, accessible from www.iprki.me<\/li>\n<\/ul>\n<p>\u00a0<\/p>\n<ul>\n<li>\u201cYou\u201d means the individual accessing or using the Website, or a company, or any legal entity on behalf of which such individual is accessing or using the Website, as applicable.<\/li>\n<\/ul>\n<h2>The use of the Cookies<\/h2>\n<h3>Type of Cookies We Use<\/h3>\n<p>\u00a0<\/p>\n<p>Cookies can be &#8220;Persistent&#8221; or &#8220;Session&#8221; Cookies. Persistent Cookies remain on your personal computer or mobile device when You go offline, while Session Cookies are deleted as soon as You close your web browser.<\/p>\n<p>\u00a0<\/p>\n<p>We use both session and persistent Cookies for the purposes set out below:<\/p>\n<p>\u00a0<\/p>\n<ul>\n<li><strong>Necessary \/ Essential Cookies<\/strong><br \/><br \/>Type: Session Cookies<br \/><br \/>Administered by: Us<br \/><br \/>Purpose: These Cookies are essential to provide You with services available through the Website and to enable You to use some of its features. They help to authenticate users and prevent fraudulent use of user accounts. Without these Cookies, the services that You have asked for cannot be provided, and We only use these Cookies to provide You with those services.<\/li>\n<\/ul>\n<p>\u00a0<\/p>\n<ul>\n<li><strong>Cookies Policy \/ Notice Acceptance Cookies<\/strong><br \/><br \/>Type: Persistent Cookies<br \/><br \/>Administered by: Us<br \/><br \/>Purpose: These Cookies identify if users have accepted the use of cookies on the Website.<\/li>\n<\/ul>\n<p>\u00a0<\/p>\n<ul>\n<li><strong>Functionality Cookies<\/strong><br \/><br \/>Type: Persistent Cookies<br \/><br \/>Administered by: Us<br \/><br \/>Purpose: These Cookies allow us to remember choices You make when You use the Website, such as remembering your login details or language preference. The purpose of these Cookies is to provide You with a more personal experience and to avoid You having to re-enter your preferences every time You use the Website.<\/li>\n<\/ul>\n<p>\u00a0<\/p>\n<ul>\n<li><strong>Tracking and Performance Cookies<\/strong><br \/><br \/>Type: Persistent Cookies<br \/><br \/>Administered by: Third-Parties<br \/><br \/>Purpose: These Cookies are used to track information about traffic to the Website and how users use the Website. The information gathered via these Cookies may directly or indirectly identify you as an individual visitor. This is because the information collected is typically linked to a pseudonymous identifier associated with the device you use to access the Website. We may also use these Cookies to test new advertisements, pages, features or new functionality of the Website to see how our users react to them.<\/li>\n<\/ul>\n<p>\u00a0<\/p>\n<h2>Your Choices Regarding Cookies<\/h2>\n<p>\u00a0<\/p>\n<p>If You prefer to avoid the use of Cookies on the Website, first You must disable the use of Cookies in your browser and then delete the Cookies saved in your browser associated with this website. You may use this option for preventing the use of Cookies at any time.<\/p>\n<p>\u00a0<\/p>\n<p>If You do not accept Our Cookies, You may experience some inconvenience in your use of the Website and some features may not function properly.<\/p>\n<p>\u00a0<\/p>\n<p>If You&#8217;d like to delete Cookies or instruct your web browser to delete or refuse Cookies, please visit the help pages of your web browser.<\/p>\n<p>\u00a0<\/p>\n<p>For the Chrome web browser, please visit this page from Google: <a href=\"https:\/\/support.google.com\/accounts\/answer\/32050\">https:\/\/support.google.com\/accounts\/answer\/32050<\/a><\/p>\n<p>\u00a0<\/p>\n<p>For the Internet Explorer web browser, please visit this page from Microsoft: <a href=\"http:\/\/support.microsoft.com\/kb\/278835\">http:\/\/support.microsoft.com\/kb\/278835<\/a><\/p>\n<p>\u00a0<\/p>\n<p>For the Firefox web browser, please visit this page from Mozilla: <a href=\"https:\/\/support.mozilla.org\/en-US\/kb\/delete-cookies-remove-info-websites-stored\">https:\/\/support.mozilla.org\/en-US\/kb\/delete-cookies-remove-info-websites-stored<\/a><\/p>\n<p>\u00a0<\/p>\n<p>For the Safari web browser, please visit this page from Apple: <a href=\"https:\/\/support.apple.com\/guide\/safari\/manage-cookies-and-website-data-sfri11471\/mac\">https:\/\/support.apple.com\/guide\/safari\/manage-cookies-and-website-data-sfri11471\/mac<\/a><\/p>\n<p>\u00a0<\/p>\n<p>For any other web browser, please visit your web browser&#8217;s official web pages.<\/p>\n<h2>Contact Us<\/h2>\n<p>\u00a0<\/p>\n<p>If you have any questions about this Cookies Policy, You can contact us:<\/p>\n<p>\u00a0<\/p>\n<ul>\n<li>By visiting this page on our website: iprki.me<\/li>\n<li>By sending us an email: hi@iprki.me<\/li>\n<\/ul>\n<ul class=\"wp-block-list\"><\/ul>\n\t\t\t\t\t\t\t\t<\/div>\n\t\t\t\t<\/div>\n\t\t            <\/div>\r\n        <\/div>\r\n        \t\t\t<\/div>\n\t\t<\/section>\n\t\t\t\t<\/div>\n\t\t","protected":false},"excerpt":{"rendered":"<p>Our Cookies Policy was last updated on 10.04.2025 \u00a0 This Cookies Policy explains what Cookies are and how We use them. You should read this policy so You can understand what type of cookies We use, or the information We collect using Cookies and how that information is used. \u00a0 Cookies do not typically contain [&hellip;]<\/p>\n","protected":false},"author":1,"featured_media":0,"parent":0,"menu_order":0,"comment_status":"closed","ping_status":"closed","template":"","meta":{"footnotes":""},"class_list":["post-18120","page","type-page","status-publish","hentry"],"yoast_head":"<!-- This site is optimized with the Yoast SEO Premium plugin v24.7 (Yoast SEO v24.7) - https:\/\/yoast.com\/wordpress\/plugins\/seo\/ -->\n<title>Cookies Policy - IRACI<\/title>\n<meta name=\"description\" content=\"Learn how we use cookies to improve functionality and enhance your browsing experience.\" \/>\n<meta name=\"robots\" content=\"index, follow, max-snippet:-1, max-image-preview:large, max-video-preview:-1\" \/>\n<link rel=\"canonical\" href=\"https:\/\/iprki.me\/en\/cookies-policy\/\" \/>\n<meta property=\"og:locale\" content=\"en_US\" \/>\n<meta property=\"og:type\" content=\"article\" \/>\n<meta property=\"og:title\" content=\"Cookies Policy - IRACI\" \/>\n<meta property=\"og:description\" content=\"Learn how we use cookies to improve functionality and enhance your browsing experience.\" \/>\n<meta property=\"og:url\" content=\"https:\/\/iprki.me\/en\/cookies-policy\/\" \/>\n<meta property=\"og:site_name\" content=\"IPRKI\" \/>\n<meta property=\"article:publisher\" content=\"https:\/\/www.facebook.com\/IPRKI\" \/>\n<meta property=\"article:modified_time\" content=\"2025-06-13T19:16:24+00:00\" \/>\n<meta property=\"og:image\" content=\"https:\/\/iprki.me\/wp-content\/uploads\/2025\/05\/logo-500x500-1.jpg\" \/>\n\t<meta property=\"og:image:width\" content=\"500\" \/>\n\t<meta property=\"og:image:height\" content=\"500\" \/>\n\t<meta property=\"og:image:type\" content=\"image\/jpeg\" \/>\n<meta name=\"twitter:card\" content=\"summary_large_image\" \/>\n<meta name=\"twitter:title\" content=\"Cookies Policy - IPRKI\" \/>\n<meta name=\"twitter:description\" content=\"Learn how we use cookies to improve functionality and enhance your browsing experience.\" \/>\n<meta name=\"twitter:label1\" content=\"Est. reading time\" \/>\n\t<meta name=\"twitter:data1\" content=\"4 minutes\" \/>\n<script type=\"application\/ld+json\" class=\"yoast-schema-graph\">{\"@context\":\"https:\/\/schema.org\",\"@graph\":[{\"@type\":\"WebPage\",\"@id\":\"https:\/\/iprki.me\/en\/cookies-policy\/\",\"url\":\"https:\/\/iprki.me\/en\/cookies-policy\/\",\"name\":\"Cookies Policy - IRACI\",\"isPartOf\":{\"@id\":\"https:\/\/iprki.me\/en\/#website\"},\"datePublished\":\"2025-04-10T17:38:16+00:00\",\"dateModified\":\"2025-06-13T19:16:24+00:00\",\"description\":\"Learn how we use cookies to improve functionality and enhance your browsing experience.\",\"breadcrumb\":{\"@id\":\"https:\/\/iprki.me\/en\/cookies-policy\/#breadcrumb\"},\"inLanguage\":\"en-US\",\"potentialAction\":[{\"@type\":\"ReadAction\",\"target\":[\"https:\/\/iprki.me\/en\/cookies-policy\/\"]}]},{\"@type\":\"BreadcrumbList\",\"@id\":\"https:\/\/iprki.me\/en\/cookies-policy\/#breadcrumb\",\"itemListElement\":[{\"@type\":\"ListItem\",\"position\":1,\"name\":\"Home\",\"item\":\"https:\/\/iprki.me\/en\/\"},{\"@type\":\"ListItem\",\"position\":2,\"name\":\"Cookies Policy\"}]},{\"@type\":\"WebSite\",\"@id\":\"https:\/\/iprki.me\/en\/#website\",\"url\":\"https:\/\/iprki.me\/en\/\",\"name\":\"IPRKI\",\"description\":\"Institut za procjenu rizika i kriti\u010dnu infrastrukturu\",\"publisher\":{\"@id\":\"https:\/\/iprki.me\/en\/#organization\"},\"potentialAction\":[{\"@type\":\"SearchAction\",\"target\":{\"@type\":\"EntryPoint\",\"urlTemplate\":\"https:\/\/iprki.me\/en\/?s={search_term_string}\"},\"query-input\":{\"@type\":\"PropertyValueSpecification\",\"valueRequired\":true,\"valueName\":\"search_term_string\"}}],\"inLanguage\":\"en-US\"},{\"@type\":\"Organization\",\"@id\":\"https:\/\/iprki.me\/en\/#organization\",\"name\":\"IPRKI - Institut za procjenu rizika i kriti\u010dnu infrastrukturu\",\"alternateName\":\"IPRKI\",\"url\":\"https:\/\/iprki.me\/en\/\",\"logo\":{\"@type\":\"ImageObject\",\"inLanguage\":\"en-US\",\"@id\":\"https:\/\/iprki.me\/en\/#\/schema\/logo\/image\/\",\"url\":\"https:\/\/iprki.me\/wp-content\/uploads\/2025\/05\/logo-500x500-1.jpg\",\"contentUrl\":\"https:\/\/iprki.me\/wp-content\/uploads\/2025\/05\/logo-500x500-1.jpg\",\"width\":500,\"height\":500,\"caption\":\"IPRKI - Institut za procjenu rizika i kriti\u010dnu infrastrukturu\"},\"image\":{\"@id\":\"https:\/\/iprki.me\/en\/#\/schema\/logo\/image\/\"},\"sameAs\":[\"https:\/\/www.facebook.com\/IPRKI\",\"https:\/\/www.linkedin.com\/company\/iprki\",\"https:\/\/www.instagram.com\/iprki.me\/\"],\"description\":\"Institut za procjenu rizika i kriti\u010dnu infrastrukturu (IPRKI) je nevladina organizacija posve\u0107ena unapre\u0111enju bezbjednosti gra\u0111ana, privrednih subjekata i dru\u0161tva u cjelini. Na\u0161a misija je podizanje svijesti o postoje\u0107im i potencijalnim bezbjednosnim rizicima te ja\u010danje ljudske, nacionalne, regionalne i me\u0111unarodne sigurnosti.\",\"email\":\"hi@iprki.me\",\"foundingDate\":\"2016-01-01\"}]}<\/script>\n<!-- \/ Yoast SEO Premium plugin. -->","yoast_head_json":{"title":"Cookies Policy - IRACI","description":"Learn how we use cookies to improve functionality and enhance your browsing experience.","robots":{"index":"index","follow":"follow","max-snippet":"max-snippet:-1","max-image-preview":"max-image-preview:large","max-video-preview":"max-video-preview:-1"},"canonical":"https:\/\/iprki.me\/en\/cookies-policy\/","og_locale":"en_US","og_type":"article","og_title":"Cookies Policy - IRACI","og_description":"Learn how we use cookies to improve functionality and enhance your browsing experience.","og_url":"https:\/\/iprki.me\/en\/cookies-policy\/","og_site_name":"IPRKI","article_publisher":"https:\/\/www.facebook.com\/IPRKI","article_modified_time":"2025-06-13T19:16:24+00:00","og_image":[{"width":500,"height":500,"url":"https:\/\/iprki.me\/wp-content\/uploads\/2025\/05\/logo-500x500-1.jpg","type":"image\/jpeg"}],"twitter_card":"summary_large_image","twitter_title":"Cookies Policy - IPRKI","twitter_description":"Learn how we use cookies to improve functionality and enhance your browsing experience.","twitter_misc":{"Est. reading time":"4 minutes"},"schema":{"@context":"https:\/\/schema.org","@graph":[{"@type":"WebPage","@id":"https:\/\/iprki.me\/en\/cookies-policy\/","url":"https:\/\/iprki.me\/en\/cookies-policy\/","name":"Cookies Policy - IRACI","isPartOf":{"@id":"https:\/\/iprki.me\/en\/#website"},"datePublished":"2025-04-10T17:38:16+00:00","dateModified":"2025-06-13T19:16:24+00:00","description":"Learn how we use cookies to improve functionality and enhance your browsing experience.","breadcrumb":{"@id":"https:\/\/iprki.me\/en\/cookies-policy\/#breadcrumb"},"inLanguage":"en-US","potentialAction":[{"@type":"ReadAction","target":["https:\/\/iprki.me\/en\/cookies-policy\/"]}]},{"@type":"BreadcrumbList","@id":"https:\/\/iprki.me\/en\/cookies-policy\/#breadcrumb","itemListElement":[{"@type":"ListItem","position":1,"name":"Home","item":"https:\/\/iprki.me\/en\/"},{"@type":"ListItem","position":2,"name":"Cookies Policy"}]},{"@type":"WebSite","@id":"https:\/\/iprki.me\/en\/#website","url":"https:\/\/iprki.me\/en\/","name":"IPRKI","description":"Institut za procjenu rizika i kriti\u010dnu infrastrukturu","publisher":{"@id":"https:\/\/iprki.me\/en\/#organization"},"potentialAction":[{"@type":"SearchAction","target":{"@type":"EntryPoint","urlTemplate":"https:\/\/iprki.me\/en\/?s={search_term_string}"},"query-input":{"@type":"PropertyValueSpecification","valueRequired":true,"valueName":"search_term_string"}}],"inLanguage":"en-US"},{"@type":"Organization","@id":"https:\/\/iprki.me\/en\/#organization","name":"IPRKI - Institut za procjenu rizika i kriti\u010dnu infrastrukturu","alternateName":"IPRKI","url":"https:\/\/iprki.me\/en\/","logo":{"@type":"ImageObject","inLanguage":"en-US","@id":"https:\/\/iprki.me\/en\/#\/schema\/logo\/image\/","url":"https:\/\/iprki.me\/wp-content\/uploads\/2025\/05\/logo-500x500-1.jpg","contentUrl":"https:\/\/iprki.me\/wp-content\/uploads\/2025\/05\/logo-500x500-1.jpg","width":500,"height":500,"caption":"IPRKI - Institut za procjenu rizika i kriti\u010dnu infrastrukturu"},"image":{"@id":"https:\/\/iprki.me\/en\/#\/schema\/logo\/image\/"},"sameAs":["https:\/\/www.facebook.com\/IPRKI","https:\/\/www.linkedin.com\/company\/iprki","https:\/\/www.instagram.com\/iprki.me\/"],"description":"Institut za procjenu rizika i kriti\u010dnu infrastrukturu (IPRKI) je nevladina organizacija posve\u0107ena unapre\u0111enju bezbjednosti gra\u0111ana, privrednih subjekata i dru\u0161tva u cjelini. Na\u0161a misija je podizanje svijesti o postoje\u0107im i potencijalnim bezbjednosnim rizicima te ja\u010danje ljudske, nacionalne, regionalne i me\u0111unarodne sigurnosti.","email":"hi@iprki.me","foundingDate":"2016-01-01"}]}},"_links":{"self":[{"href":"https:\/\/iprki.me\/en\/wp-json\/wp\/v2\/pages\/18120","targetHints":{"allow":["GET"]}}],"collection":[{"href":"https:\/\/iprki.me\/en\/wp-json\/wp\/v2\/pages"}],"about":[{"href":"https:\/\/iprki.me\/en\/wp-json\/wp\/v2\/types\/page"}],"author":[{"embeddable":true,"href":"https:\/\/iprki.me\/en\/wp-json\/wp\/v2\/users\/1"}],"replies":[{"embeddable":true,"href":"https:\/\/iprki.me\/en\/wp-json\/wp\/v2\/comments?post=18120"}],"version-history":[{"count":1,"href":"https:\/\/iprki.me\/en\/wp-json\/wp\/v2\/pages\/18120\/revisions"}],"predecessor-version":[{"id":18282,"href":"https:\/\/iprki.me\/en\/wp-json\/wp\/v2\/pages\/18120\/revisions\/18282"}],"wp:attachment":[{"href":"https:\/\/iprki.me\/en\/wp-json\/wp\/v2\/media?parent=18120"}],"curies":[{"name":"wp","href":"https:\/\/api.w.org\/{rel}","templated":true}]}}