{"id":18213,"date":"2025-05-29T20:58:11","date_gmt":"2025-05-29T18:58:11","guid":{"rendered":"https:\/\/iprki.me\/upitnici\/"},"modified":"2025-06-13T21:18:23","modified_gmt":"2025-06-13T19:18:23","slug":"questionnaire","status":"publish","type":"page","link":"https:\/\/iprki.me\/en\/questionnaire\/","title":{"rendered":"Questionnaire"},"content":{"rendered":"\t\t<div data-elementor-type=\"wp-page\" data-elementor-id=\"18213\" class=\"elementor elementor-18213 elementor-18208\" data-elementor-post-type=\"page\">\n\t\t\t\t        <section class=\"elementor-section elementor-top-section elementor-element elementor-element-d957301 elementor-section-stretched elementor-section-boxed elementor-section-height-default elementor-section-height-default pxl-row-scroll-none pxl-zoom-point-false pxl-section-overflow-visible\" data-id=\"d957301\" data-element_type=\"section\" data-settings=\"{&quot;stretch_section&quot;:&quot;section-stretched&quot;}\">\n\n                \n                <div class=\"elementor-container elementor-column-gap-extended \">\n                <div class=\"elementor-column elementor-col-33 elementor-top-column elementor-element elementor-element-b134985 pxl-column-none pxl-column-overflow-hidden-no\" data-id=\"b134985\" data-element_type=\"column\">\r\n        <div class=\"elementor-widget-wrap elementor-element-populated\">\r\n                     \r\n        \t\t<div class=\"elementor-element elementor-element-b6c041b elementor-align-justify elementor-widget elementor-widget-button\" data-id=\"b6c041b\" data-element_type=\"widget\" data-widget_type=\"button.default\">\n\t\t\t\t<div class=\"elementor-widget-container\">\n\t\t\t\t\t\t\t\t\t<div class=\"elementor-button-wrapper\">\n\t\t\t\t\t<a class=\"elementor-button elementor-button-link elementor-size-sm\" href=\"https:\/\/iprki.me\/en\/questionnaire\/project-model-of-critical-infrastructure-protection-in-montenegro\/\">\n\t\t\t\t\t\t<span class=\"elementor-button-content-wrapper\">\n\t\t\t\t\t\t\t\t\t<span class=\"elementor-button-text\">Project model of critical infrastructure protection in Montenegro<\/span>\n\t\t\t\t\t<\/span>\n\t\t\t\t\t<\/a>\n\t\t\t\t<\/div>\n\t\t\t\t\t\t\t\t<\/div>\n\t\t\t\t<\/div>\n\t\t            <\/div>\r\n        <\/div>\r\n                <div class=\"elementor-column elementor-col-33 elementor-top-column elementor-element elementor-element-8836510 pxl-column-none pxl-column-overflow-hidden-no\" data-id=\"8836510\" data-element_type=\"column\">\r\n        <div class=\"elementor-widget-wrap elementor-element-populated\">\r\n                     \r\n        \t\t<div class=\"elementor-element elementor-element-c08c3b6 elementor-align-justify elementor-widget elementor-widget-button\" data-id=\"c08c3b6\" data-element_type=\"widget\" data-widget_type=\"button.default\">\n\t\t\t\t<div class=\"elementor-widget-container\">\n\t\t\t\t\t\t\t\t\t<div class=\"elementor-button-wrapper\">\n\t\t\t\t\t<a class=\"elementor-button elementor-button-link elementor-size-sm\" href=\"https:\/\/iprki.me\/en\/questionnaire\/project-model-of-critical-infrastructure-protection-in-montenegro\/\">\n\t\t\t\t\t\t<span class=\"elementor-button-content-wrapper\">\n\t\t\t\t\t\t\t\t\t<span class=\"elementor-button-text\">Project model of critical infrastructure protection in Montenegro<\/span>\n\t\t\t\t\t<\/span>\n\t\t\t\t\t<\/a>\n\t\t\t\t<\/div>\n\t\t\t\t\t\t\t\t<\/div>\n\t\t\t\t<\/div>\n\t\t            <\/div>\r\n        <\/div>\r\n                <div class=\"elementor-column elementor-col-33 elementor-top-column elementor-element elementor-element-48f904a pxl-column-none pxl-column-overflow-hidden-no\" data-id=\"48f904a\" data-element_type=\"column\">\r\n        <div class=\"elementor-widget-wrap elementor-element-populated\">\r\n                     \r\n        \t\t<div class=\"elementor-element elementor-element-f4c0a31 elementor-align-justify elementor-widget elementor-widget-button\" data-id=\"f4c0a31\" data-element_type=\"widget\" data-widget_type=\"button.default\">\n\t\t\t\t<div class=\"elementor-widget-container\">\n\t\t\t\t\t\t\t\t\t<div class=\"elementor-button-wrapper\">\n\t\t\t\t\t<a class=\"elementor-button elementor-button-link elementor-size-sm\" href=\"https:\/\/iprki.me\/en\/questionnaire\/project-model-of-critical-infrastructure-protection-in-montenegro\/\">\n\t\t\t\t\t\t<span class=\"elementor-button-content-wrapper\">\n\t\t\t\t\t\t\t\t\t<span class=\"elementor-button-text\">Project model of critical infrastructure protection in Montenegro<\/span>\n\t\t\t\t\t<\/span>\n\t\t\t\t\t<\/a>\n\t\t\t\t<\/div>\n\t\t\t\t\t\t\t\t<\/div>\n\t\t\t\t<\/div>\n\t\t            <\/div>\r\n        <\/div>\r\n        \t\t\t<\/div>\n\t\t<\/section>\n\t\t        <section class=\"elementor-section elementor-top-section elementor-element elementor-element-44ec9b1 elementor-section-stretched elementor-section-boxed elementor-section-height-default elementor-section-height-default pxl-row-scroll-none pxl-zoom-point-false pxl-section-overflow-visible\" data-id=\"44ec9b1\" data-element_type=\"section\" data-settings=\"{&quot;stretch_section&quot;:&quot;section-stretched&quot;}\">\n\n                \n                <div class=\"elementor-container elementor-column-gap-extended \">\n                <div class=\"elementor-column elementor-col-33 elementor-top-column elementor-element elementor-element-523ee5b pxl-column-none pxl-column-overflow-hidden-no\" data-id=\"523ee5b\" data-element_type=\"column\">\r\n        <div class=\"elementor-widget-wrap elementor-element-populated\">\r\n                     \r\n        \t\t<div class=\"elementor-element elementor-element-13e4640 elementor-align-justify elementor-widget elementor-widget-button\" data-id=\"13e4640\" data-element_type=\"widget\" data-widget_type=\"button.default\">\n\t\t\t\t<div class=\"elementor-widget-container\">\n\t\t\t\t\t\t\t\t\t<div class=\"elementor-button-wrapper\">\n\t\t\t\t\t<a class=\"elementor-button elementor-button-link elementor-size-sm\" href=\"https:\/\/iprki.me\/en\/questionnaire\/project-model-of-critical-infrastructure-protection-in-montenegro\/\">\n\t\t\t\t\t\t<span class=\"elementor-button-content-wrapper\">\n\t\t\t\t\t\t\t\t\t<span class=\"elementor-button-text\">Project model of critical infrastructure protection in Montenegro<\/span>\n\t\t\t\t\t<\/span>\n\t\t\t\t\t<\/a>\n\t\t\t\t<\/div>\n\t\t\t\t\t\t\t\t<\/div>\n\t\t\t\t<\/div>\n\t\t            <\/div>\r\n        <\/div>\r\n                <div class=\"elementor-column elementor-col-33 elementor-top-column elementor-element elementor-element-f09dd56 pxl-column-none pxl-column-overflow-hidden-no\" data-id=\"f09dd56\" data-element_type=\"column\">\r\n        <div class=\"elementor-widget-wrap elementor-element-populated\">\r\n                     \r\n        \t\t<div class=\"elementor-element elementor-element-34f5e5a elementor-align-justify elementor-widget elementor-widget-button\" data-id=\"34f5e5a\" data-element_type=\"widget\" data-widget_type=\"button.default\">\n\t\t\t\t<div class=\"elementor-widget-container\">\n\t\t\t\t\t\t\t\t\t<div class=\"elementor-button-wrapper\">\n\t\t\t\t\t<a class=\"elementor-button elementor-button-link elementor-size-sm\" href=\"https:\/\/iprki.me\/en\/questionnaire\/project-model-of-critical-infrastructure-protection-in-montenegro\/\">\n\t\t\t\t\t\t<span class=\"elementor-button-content-wrapper\">\n\t\t\t\t\t\t\t\t\t<span class=\"elementor-button-text\">Project model of critical infrastructure protection in Montenegro<\/span>\n\t\t\t\t\t<\/span>\n\t\t\t\t\t<\/a>\n\t\t\t\t<\/div>\n\t\t\t\t\t\t\t\t<\/div>\n\t\t\t\t<\/div>\n\t\t            <\/div>\r\n        <\/div>\r\n                <div class=\"elementor-column elementor-col-33 elementor-top-column elementor-element elementor-element-cda8021 pxl-column-none pxl-column-overflow-hidden-no\" data-id=\"cda8021\" data-element_type=\"column\">\r\n        <div class=\"elementor-widget-wrap elementor-element-populated\">\r\n                     \r\n        \t\t<div class=\"elementor-element elementor-element-bf0aa68 elementor-align-justify elementor-widget elementor-widget-button\" data-id=\"bf0aa68\" data-element_type=\"widget\" data-widget_type=\"button.default\">\n\t\t\t\t<div class=\"elementor-widget-container\">\n\t\t\t\t\t\t\t\t\t<div class=\"elementor-button-wrapper\">\n\t\t\t\t\t<a class=\"elementor-button elementor-button-link elementor-size-sm\" href=\"https:\/\/iprki.me\/en\/questionnaire\/project-model-of-critical-infrastructure-protection-in-montenegro\/\">\n\t\t\t\t\t\t<span class=\"elementor-button-content-wrapper\">\n\t\t\t\t\t\t\t\t\t<span class=\"elementor-button-text\">Project model of critical infrastructure protection in Montenegro<\/span>\n\t\t\t\t\t<\/span>\n\t\t\t\t\t<\/a>\n\t\t\t\t<\/div>\n\t\t\t\t\t\t\t\t<\/div>\n\t\t\t\t<\/div>\n\t\t            <\/div>\r\n        <\/div>\r\n        \t\t\t<\/div>\n\t\t<\/section>\n\t\t        <section class=\"elementor-section elementor-top-section elementor-element elementor-element-53924b0 elementor-section-stretched elementor-section-boxed elementor-section-height-default elementor-section-height-default pxl-row-scroll-none pxl-zoom-point-false pxl-section-overflow-visible\" data-id=\"53924b0\" data-element_type=\"section\" data-settings=\"{&quot;stretch_section&quot;:&quot;section-stretched&quot;}\">\n\n                \n                <div class=\"elementor-container elementor-column-gap-extended \">\n                <div class=\"elementor-column elementor-col-33 elementor-top-column elementor-element elementor-element-dec91cc pxl-column-none pxl-column-overflow-hidden-no\" data-id=\"dec91cc\" data-element_type=\"column\">\r\n        <div class=\"elementor-widget-wrap elementor-element-populated\">\r\n                     \r\n        \t\t<div class=\"elementor-element elementor-element-da6106a elementor-align-justify elementor-widget elementor-widget-button\" data-id=\"da6106a\" data-element_type=\"widget\" data-widget_type=\"button.default\">\n\t\t\t\t<div class=\"elementor-widget-container\">\n\t\t\t\t\t\t\t\t\t<div class=\"elementor-button-wrapper\">\n\t\t\t\t\t<a class=\"elementor-button elementor-button-link elementor-size-sm\" href=\"https:\/\/iprki.me\/en\/questionnaire\/project-model-of-critical-infrastructure-protection-in-montenegro\/\">\n\t\t\t\t\t\t<span class=\"elementor-button-content-wrapper\">\n\t\t\t\t\t\t\t\t\t<span class=\"elementor-button-text\">Project model of critical infrastructure protection in Montenegro<\/span>\n\t\t\t\t\t<\/span>\n\t\t\t\t\t<\/a>\n\t\t\t\t<\/div>\n\t\t\t\t\t\t\t\t<\/div>\n\t\t\t\t<\/div>\n\t\t            <\/div>\r\n        <\/div>\r\n                <div class=\"elementor-column elementor-col-33 elementor-top-column elementor-element elementor-element-29210c5 pxl-column-none pxl-column-overflow-hidden-no\" data-id=\"29210c5\" data-element_type=\"column\">\r\n        <div class=\"elementor-widget-wrap elementor-element-populated\">\r\n                     \r\n        \t\t<div class=\"elementor-element elementor-element-ab7306b elementor-align-justify elementor-widget elementor-widget-button\" data-id=\"ab7306b\" data-element_type=\"widget\" data-widget_type=\"button.default\">\n\t\t\t\t<div class=\"elementor-widget-container\">\n\t\t\t\t\t\t\t\t\t<div class=\"elementor-button-wrapper\">\n\t\t\t\t\t<a class=\"elementor-button elementor-button-link elementor-size-sm\" href=\"https:\/\/iprki.me\/en\/questionnaire\/project-model-of-critical-infrastructure-protection-in-montenegro\/\">\n\t\t\t\t\t\t<span class=\"elementor-button-content-wrapper\">\n\t\t\t\t\t\t\t\t\t<span class=\"elementor-button-text\">Project model of critical infrastructure protection in Montenegro<\/span>\n\t\t\t\t\t<\/span>\n\t\t\t\t\t<\/a>\n\t\t\t\t<\/div>\n\t\t\t\t\t\t\t\t<\/div>\n\t\t\t\t<\/div>\n\t\t            <\/div>\r\n        <\/div>\r\n                <div class=\"elementor-column elementor-col-33 elementor-top-column elementor-element elementor-element-d0cc30a pxl-column-none pxl-column-overflow-hidden-no\" data-id=\"d0cc30a\" data-element_type=\"column\">\r\n        <div class=\"elementor-widget-wrap elementor-element-populated\">\r\n                     \r\n        \t\t<div class=\"elementor-element elementor-element-02677cf elementor-align-justify elementor-widget elementor-widget-button\" data-id=\"02677cf\" data-element_type=\"widget\" data-widget_type=\"button.default\">\n\t\t\t\t<div class=\"elementor-widget-container\">\n\t\t\t\t\t\t\t\t\t<div class=\"elementor-button-wrapper\">\n\t\t\t\t\t<a class=\"elementor-button elementor-button-link elementor-size-sm\" href=\"https:\/\/iprki.me\/en\/questionnaire\/project-model-of-critical-infrastructure-protection-in-montenegro\/\">\n\t\t\t\t\t\t<span class=\"elementor-button-content-wrapper\">\n\t\t\t\t\t\t\t\t\t<span class=\"elementor-button-text\">Project model of critical infrastructure protection in Montenegro<\/span>\n\t\t\t\t\t<\/span>\n\t\t\t\t\t<\/a>\n\t\t\t\t<\/div>\n\t\t\t\t\t\t\t\t<\/div>\n\t\t\t\t<\/div>\n\t\t            <\/div>\r\n        <\/div>\r\n        \t\t\t<\/div>\n\t\t<\/section>\n\t\t        <section class=\"elementor-section elementor-top-section elementor-element elementor-element-e69ef45 elementor-section-stretched elementor-section-boxed elementor-section-height-default elementor-section-height-default pxl-row-scroll-none pxl-zoom-point-false pxl-section-overflow-visible\" data-id=\"e69ef45\" data-element_type=\"section\" data-settings=\"{&quot;stretch_section&quot;:&quot;section-stretched&quot;}\">\n\n                \n                <div class=\"elementor-container elementor-column-gap-extended \">\n                <div class=\"elementor-column elementor-col-33 elementor-top-column elementor-element elementor-element-7b0e9e1 pxl-column-none pxl-column-overflow-hidden-no\" data-id=\"7b0e9e1\" data-element_type=\"column\">\r\n        <div class=\"elementor-widget-wrap elementor-element-populated\">\r\n                     \r\n        \t\t<div class=\"elementor-element elementor-element-b2ff5a5 elementor-align-justify elementor-widget elementor-widget-button\" data-id=\"b2ff5a5\" data-element_type=\"widget\" data-widget_type=\"button.default\">\n\t\t\t\t<div class=\"elementor-widget-container\">\n\t\t\t\t\t\t\t\t\t<div class=\"elementor-button-wrapper\">\n\t\t\t\t\t<a class=\"elementor-button elementor-button-link elementor-size-sm\" href=\"https:\/\/iprki.me\/en\/questionnaire\/project-model-of-critical-infrastructure-protection-in-montenegro\/\">\n\t\t\t\t\t\t<span class=\"elementor-button-content-wrapper\">\n\t\t\t\t\t\t\t\t\t<span class=\"elementor-button-text\">Project model of critical infrastructure protection in Montenegro<\/span>\n\t\t\t\t\t<\/span>\n\t\t\t\t\t<\/a>\n\t\t\t\t<\/div>\n\t\t\t\t\t\t\t\t<\/div>\n\t\t\t\t<\/div>\n\t\t            <\/div>\r\n        <\/div>\r\n                <div class=\"elementor-column elementor-col-33 elementor-top-column elementor-element elementor-element-c6d3441 pxl-column-none pxl-column-overflow-hidden-no\" data-id=\"c6d3441\" data-element_type=\"column\">\r\n        <div class=\"elementor-widget-wrap elementor-element-populated\">\r\n                     \r\n        \t\t<div class=\"elementor-element elementor-element-c3064f6 elementor-align-justify elementor-widget elementor-widget-button\" data-id=\"c3064f6\" data-element_type=\"widget\" data-widget_type=\"button.default\">\n\t\t\t\t<div class=\"elementor-widget-container\">\n\t\t\t\t\t\t\t\t\t<div class=\"elementor-button-wrapper\">\n\t\t\t\t\t<a class=\"elementor-button elementor-button-link elementor-size-sm\" href=\"https:\/\/iprki.me\/en\/questionnaire\/project-model-of-critical-infrastructure-protection-in-montenegro\/\">\n\t\t\t\t\t\t<span class=\"elementor-button-content-wrapper\">\n\t\t\t\t\t\t\t\t\t<span class=\"elementor-button-text\">Project model of critical infrastructure protection in Montenegro<\/span>\n\t\t\t\t\t<\/span>\n\t\t\t\t\t<\/a>\n\t\t\t\t<\/div>\n\t\t\t\t\t\t\t\t<\/div>\n\t\t\t\t<\/div>\n\t\t            <\/div>\r\n        <\/div>\r\n                <div class=\"elementor-column elementor-col-33 elementor-top-column elementor-element elementor-element-ad98255 pxl-column-none pxl-column-overflow-hidden-no\" data-id=\"ad98255\" data-element_type=\"column\">\r\n        <div class=\"elementor-widget-wrap elementor-element-populated\">\r\n                     \r\n        \t\t<div class=\"elementor-element elementor-element-3fc208a elementor-align-justify elementor-widget elementor-widget-button\" data-id=\"3fc208a\" data-element_type=\"widget\" data-widget_type=\"button.default\">\n\t\t\t\t<div class=\"elementor-widget-container\">\n\t\t\t\t\t\t\t\t\t<div class=\"elementor-button-wrapper\">\n\t\t\t\t\t<a class=\"elementor-button elementor-button-link elementor-size-sm\" href=\"https:\/\/iprki.me\/en\/questionnaire\/project-model-of-critical-infrastructure-protection-in-montenegro\/\">\n\t\t\t\t\t\t<span class=\"elementor-button-content-wrapper\">\n\t\t\t\t\t\t\t\t\t<span class=\"elementor-button-text\">Project model of critical infrastructure protection in Montenegro<\/span>\n\t\t\t\t\t<\/span>\n\t\t\t\t\t<\/a>\n\t\t\t\t<\/div>\n\t\t\t\t\t\t\t\t<\/div>\n\t\t\t\t<\/div>\n\t\t            <\/div>\r\n        <\/div>\r\n        \t\t\t<\/div>\n\t\t<\/section>\n\t\t\t\t<\/div>\n\t\t","protected":false},"excerpt":{"rendered":"<p>Project model of critical infrastructure protection in Montenegro Project model of critical infrastructure protection in Montenegro Project model of critical infrastructure protection in Montenegro Project model of critical infrastructure protection in Montenegro Project model of critical infrastructure protection in Montenegro Project model of critical infrastructure protection in Montenegro Project model of critical infrastructure protection in [&hellip;]<\/p>\n","protected":false},"author":1,"featured_media":0,"parent":0,"menu_order":0,"comment_status":"closed","ping_status":"closed","template":"","meta":{"footnotes":""},"class_list":["post-18213","page","type-page","status-publish","hentry"],"yoast_head":"<!-- This site is optimized with the Yoast SEO Premium plugin v24.7 (Yoast SEO v24.7) - https:\/\/yoast.com\/wordpress\/plugins\/seo\/ -->\n<title>Questionnaire - IRACI<\/title>\n<meta name=\"description\" content=\"Contribute to our research by completing targeted security and risk assessment surveys.\" \/>\n<meta name=\"robots\" content=\"index, follow, max-snippet:-1, max-image-preview:large, max-video-preview:-1\" \/>\n<link rel=\"canonical\" href=\"https:\/\/iprki.me\/en\/questionnaire\/\" \/>\n<meta property=\"og:locale\" content=\"en_US\" \/>\n<meta property=\"og:type\" content=\"article\" \/>\n<meta property=\"og:title\" content=\"Questionnaire - IRACI\" \/>\n<meta property=\"og:description\" content=\"Contribute to our research by completing targeted security and risk assessment surveys.\" \/>\n<meta property=\"og:url\" content=\"https:\/\/iprki.me\/en\/questionnaire\/\" \/>\n<meta property=\"og:site_name\" content=\"IPRKI\" \/>\n<meta property=\"article:publisher\" content=\"https:\/\/www.facebook.com\/IPRKI\" \/>\n<meta property=\"article:modified_time\" content=\"2025-06-13T19:18:23+00:00\" \/>\n<meta property=\"og:image\" content=\"https:\/\/iprki.me\/wp-content\/uploads\/2025\/05\/logo-500x500-1.jpg\" \/>\n\t<meta property=\"og:image:width\" content=\"500\" \/>\n\t<meta property=\"og:image:height\" content=\"500\" \/>\n\t<meta property=\"og:image:type\" content=\"image\/jpeg\" \/>\n<meta name=\"twitter:card\" content=\"summary_large_image\" \/>\n<meta name=\"twitter:title\" content=\"Questionnaire - IRACI\" \/>\n<meta name=\"twitter:description\" content=\"Contribute to our research by completing targeted security and risk assessment surveys.\" \/>\n<meta name=\"twitter:label1\" content=\"Est. reading time\" \/>\n\t<meta name=\"twitter:data1\" content=\"1 minute\" \/>\n<script type=\"application\/ld+json\" class=\"yoast-schema-graph\">{\"@context\":\"https:\/\/schema.org\",\"@graph\":[{\"@type\":\"WebPage\",\"@id\":\"https:\/\/iprki.me\/en\/questionnaire\/\",\"url\":\"https:\/\/iprki.me\/en\/questionnaire\/\",\"name\":\"Questionnaire - IRACI\",\"isPartOf\":{\"@id\":\"https:\/\/iprki.me\/en\/#website\"},\"datePublished\":\"2025-05-29T18:58:11+00:00\",\"dateModified\":\"2025-06-13T19:18:23+00:00\",\"description\":\"Contribute to our research by completing targeted security and risk assessment surveys.\",\"breadcrumb\":{\"@id\":\"https:\/\/iprki.me\/en\/questionnaire\/#breadcrumb\"},\"inLanguage\":\"en-US\",\"potentialAction\":[{\"@type\":\"ReadAction\",\"target\":[\"https:\/\/iprki.me\/en\/questionnaire\/\"]}]},{\"@type\":\"BreadcrumbList\",\"@id\":\"https:\/\/iprki.me\/en\/questionnaire\/#breadcrumb\",\"itemListElement\":[{\"@type\":\"ListItem\",\"position\":1,\"name\":\"Home\",\"item\":\"https:\/\/iprki.me\/en\/\"},{\"@type\":\"ListItem\",\"position\":2,\"name\":\"Questionnaire\"}]},{\"@type\":\"WebSite\",\"@id\":\"https:\/\/iprki.me\/en\/#website\",\"url\":\"https:\/\/iprki.me\/en\/\",\"name\":\"IPRKI\",\"description\":\"Institut za procjenu rizika i kriti\u010dnu infrastrukturu\",\"publisher\":{\"@id\":\"https:\/\/iprki.me\/en\/#organization\"},\"potentialAction\":[{\"@type\":\"SearchAction\",\"target\":{\"@type\":\"EntryPoint\",\"urlTemplate\":\"https:\/\/iprki.me\/en\/?s={search_term_string}\"},\"query-input\":{\"@type\":\"PropertyValueSpecification\",\"valueRequired\":true,\"valueName\":\"search_term_string\"}}],\"inLanguage\":\"en-US\"},{\"@type\":\"Organization\",\"@id\":\"https:\/\/iprki.me\/en\/#organization\",\"name\":\"IPRKI - Institut za procjenu rizika i kriti\u010dnu infrastrukturu\",\"alternateName\":\"IPRKI\",\"url\":\"https:\/\/iprki.me\/en\/\",\"logo\":{\"@type\":\"ImageObject\",\"inLanguage\":\"en-US\",\"@id\":\"https:\/\/iprki.me\/en\/#\/schema\/logo\/image\/\",\"url\":\"https:\/\/iprki.me\/wp-content\/uploads\/2025\/05\/logo-500x500-1.jpg\",\"contentUrl\":\"https:\/\/iprki.me\/wp-content\/uploads\/2025\/05\/logo-500x500-1.jpg\",\"width\":500,\"height\":500,\"caption\":\"IPRKI - Institut za procjenu rizika i kriti\u010dnu infrastrukturu\"},\"image\":{\"@id\":\"https:\/\/iprki.me\/en\/#\/schema\/logo\/image\/\"},\"sameAs\":[\"https:\/\/www.facebook.com\/IPRKI\",\"https:\/\/www.linkedin.com\/company\/iprki\",\"https:\/\/www.instagram.com\/iprki.me\/\"],\"description\":\"Institut za procjenu rizika i kriti\u010dnu infrastrukturu (IPRKI) je nevladina organizacija posve\u0107ena unapre\u0111enju bezbjednosti gra\u0111ana, privrednih subjekata i dru\u0161tva u cjelini. Na\u0161a misija je podizanje svijesti o postoje\u0107im i potencijalnim bezbjednosnim rizicima te ja\u010danje ljudske, nacionalne, regionalne i me\u0111unarodne sigurnosti.\",\"email\":\"hi@iprki.me\",\"foundingDate\":\"2016-01-01\"}]}<\/script>\n<!-- \/ Yoast SEO Premium plugin. -->","yoast_head_json":{"title":"Questionnaire - IRACI","description":"Contribute to our research by completing targeted security and risk assessment surveys.","robots":{"index":"index","follow":"follow","max-snippet":"max-snippet:-1","max-image-preview":"max-image-preview:large","max-video-preview":"max-video-preview:-1"},"canonical":"https:\/\/iprki.me\/en\/questionnaire\/","og_locale":"en_US","og_type":"article","og_title":"Questionnaire - IRACI","og_description":"Contribute to our research by completing targeted security and risk assessment surveys.","og_url":"https:\/\/iprki.me\/en\/questionnaire\/","og_site_name":"IPRKI","article_publisher":"https:\/\/www.facebook.com\/IPRKI","article_modified_time":"2025-06-13T19:18:23+00:00","og_image":[{"width":500,"height":500,"url":"https:\/\/iprki.me\/wp-content\/uploads\/2025\/05\/logo-500x500-1.jpg","type":"image\/jpeg"}],"twitter_card":"summary_large_image","twitter_title":"Questionnaire - IRACI","twitter_description":"Contribute to our research by completing targeted security and risk assessment surveys.","twitter_misc":{"Est. reading time":"1 minute"},"schema":{"@context":"https:\/\/schema.org","@graph":[{"@type":"WebPage","@id":"https:\/\/iprki.me\/en\/questionnaire\/","url":"https:\/\/iprki.me\/en\/questionnaire\/","name":"Questionnaire - IRACI","isPartOf":{"@id":"https:\/\/iprki.me\/en\/#website"},"datePublished":"2025-05-29T18:58:11+00:00","dateModified":"2025-06-13T19:18:23+00:00","description":"Contribute to our research by completing targeted security and risk assessment surveys.","breadcrumb":{"@id":"https:\/\/iprki.me\/en\/questionnaire\/#breadcrumb"},"inLanguage":"en-US","potentialAction":[{"@type":"ReadAction","target":["https:\/\/iprki.me\/en\/questionnaire\/"]}]},{"@type":"BreadcrumbList","@id":"https:\/\/iprki.me\/en\/questionnaire\/#breadcrumb","itemListElement":[{"@type":"ListItem","position":1,"name":"Home","item":"https:\/\/iprki.me\/en\/"},{"@type":"ListItem","position":2,"name":"Questionnaire"}]},{"@type":"WebSite","@id":"https:\/\/iprki.me\/en\/#website","url":"https:\/\/iprki.me\/en\/","name":"IPRKI","description":"Institut za procjenu rizika i kriti\u010dnu infrastrukturu","publisher":{"@id":"https:\/\/iprki.me\/en\/#organization"},"potentialAction":[{"@type":"SearchAction","target":{"@type":"EntryPoint","urlTemplate":"https:\/\/iprki.me\/en\/?s={search_term_string}"},"query-input":{"@type":"PropertyValueSpecification","valueRequired":true,"valueName":"search_term_string"}}],"inLanguage":"en-US"},{"@type":"Organization","@id":"https:\/\/iprki.me\/en\/#organization","name":"IPRKI - Institut za procjenu rizika i kriti\u010dnu infrastrukturu","alternateName":"IPRKI","url":"https:\/\/iprki.me\/en\/","logo":{"@type":"ImageObject","inLanguage":"en-US","@id":"https:\/\/iprki.me\/en\/#\/schema\/logo\/image\/","url":"https:\/\/iprki.me\/wp-content\/uploads\/2025\/05\/logo-500x500-1.jpg","contentUrl":"https:\/\/iprki.me\/wp-content\/uploads\/2025\/05\/logo-500x500-1.jpg","width":500,"height":500,"caption":"IPRKI - Institut za procjenu rizika i kriti\u010dnu infrastrukturu"},"image":{"@id":"https:\/\/iprki.me\/en\/#\/schema\/logo\/image\/"},"sameAs":["https:\/\/www.facebook.com\/IPRKI","https:\/\/www.linkedin.com\/company\/iprki","https:\/\/www.instagram.com\/iprki.me\/"],"description":"Institut za procjenu rizika i kriti\u010dnu infrastrukturu (IPRKI) je nevladina organizacija posve\u0107ena unapre\u0111enju bezbjednosti gra\u0111ana, privrednih subjekata i dru\u0161tva u cjelini. Na\u0161a misija je podizanje svijesti o postoje\u0107im i potencijalnim bezbjednosnim rizicima te ja\u010danje ljudske, nacionalne, regionalne i me\u0111unarodne sigurnosti.","email":"hi@iprki.me","foundingDate":"2016-01-01"}]}},"_links":{"self":[{"href":"https:\/\/iprki.me\/en\/wp-json\/wp\/v2\/pages\/18213","targetHints":{"allow":["GET"]}}],"collection":[{"href":"https:\/\/iprki.me\/en\/wp-json\/wp\/v2\/pages"}],"about":[{"href":"https:\/\/iprki.me\/en\/wp-json\/wp\/v2\/types\/page"}],"author":[{"embeddable":true,"href":"https:\/\/iprki.me\/en\/wp-json\/wp\/v2\/users\/1"}],"replies":[{"embeddable":true,"href":"https:\/\/iprki.me\/en\/wp-json\/wp\/v2\/comments?post=18213"}],"version-history":[{"count":1,"href":"https:\/\/iprki.me\/en\/wp-json\/wp\/v2\/pages\/18213\/revisions"}],"predecessor-version":[{"id":18289,"href":"https:\/\/iprki.me\/en\/wp-json\/wp\/v2\/pages\/18213\/revisions\/18289"}],"wp:attachment":[{"href":"https:\/\/iprki.me\/en\/wp-json\/wp\/v2\/media?parent=18213"}],"curies":[{"name":"wp","href":"https:\/\/api.w.org\/{rel}","templated":true}]}}