{"id":18392,"date":"2025-06-27T02:29:04","date_gmt":"2025-06-27T00:29:04","guid":{"rendered":"https:\/\/iprki.me\/?post_type=product&#038;p=18392"},"modified":"2025-07-04T10:36:12","modified_gmt":"2025-07-04T08:36:12","slug":"zastita-kriticne-infrastrukture-praktikum-1-procjena-zlonamjernih-rizika-u-elektorenergetskom-sistemu","status":"publish","type":"product","link":"https:\/\/iprki.me\/en\/proizvod\/zastita-kriticne-infrastrukture-praktikum-1-procjena-zlonamjernih-rizika-u-elektorenergetskom-sistemu\/","title":{"rendered":"ZA\u0160TITA KRITI\u010cNE INFRASTRUKTURE \u2013 Praktikum 1 \u2013 Procjena zlonamjernih rizika u elektorenergetskom sistemu"},"content":{"rendered":"<p>Efikasno upravljanje rizikom u za\u0161titi kriti\u010dne infrastrukture zahteva integrisan i proaktivan pristup, uklju\u010duju\u0107i saradnju izme\u0111u dr\u017eavnih institucija, privatnog sektora i me\u0111unarodnih partnera. Cilj je odr\u017eavanje sigurnosti i stabilnosti dru\u0161tva kroz identifikaciju potencijalnih pretnji, procenu njihovog uticaja i sprovo\u0111enje odgovaraju\u0107ih mera za\u0161tite.<\/p>\n<p>Procjena zlonamjernih rizika i upravljanje rizikom u elektroenergetskom sistemu, s posebnim fokusom na termoelektrane, klju\u010dni su za osiguranje stabilnosti i bezbjednosti energetskog sistema. Ovi sistemi su kriti\u010dni za funkcionisanje dru\u0161tva, pa je njihova za\u0161tita od zlonamjernih pretnji od najve\u0107e va\u017enosti.<\/p>\n<div class=\"_df_book df-lite\" id=\"df_18329\"  _slug=\"zastita-kriticne-infrastrukture-praktikum-1-procjena-zlonamjernih-rizika-u-elektorenergetskom-sistemu\" data-title=\"zastita-kriticne-infrastrukture-praktikum-1-procjena-zlonamjernih-rizika-u-elektorenergetskom-sistemu\" wpoptions=\"true\" thumb=\"https:\/\/iprki.me\/wp-content\/uploads\/2025\/06\/P_1_ME-1-scaled.webp\" thumbtype=\"\" ><\/div><script class=\"df-shortcode-script\" nowprocket type=\"application\/javascript\">window.option_df_18329 = {\"outline\":[],\"duration\":\"500\",\"autoEnableOutline\":\"false\",\"autoEnableThumbnail\":\"false\",\"overwritePDFOutline\":\"false\",\"direction\":\"1\",\"pageSize\":\"0\",\"source\":\"https:\\\/\\\/iprki.me\\\/wp-content\\\/uploads\\\/2025\\\/06\\\/Praktikum-1-MNE-kratka-verzija.pdf\",\"wpOptions\":\"true\"}; if(window.DFLIP && window.DFLIP.parseBooks){window.DFLIP.parseBooks();}<\/script>\n","protected":false},"excerpt":{"rendered":"<p>Efikasna za\u0161tita kriti\u010dne infrastrukture zahtijeva saradnju i proaktivan pristup u identifikaciji prijetnji i upravljanju rizicima, posebno u energetici.<\/p>\n<p><a href=\"https:\/\/www.amazon.com\/dp\/1401967493\"><img decoding=\"async\" class=\"alignnone wp-image-18512\" src=\"https:\/\/iprki.me\/wp-content\/uploads\/2025\/06\/amazon-button_ME.svg\" alt=\"\" width=\"200\" height=\"94\" \/><\/a><\/p>\n<p>Ova knjiga je tako\u0111e dostupna i na <a href=\"https:\/\/iprki.me\/en\/product\/critical-infrastructure-protection-practicum-1-assessment-of-malicious-risks-in-the-power-system-thermal-power-plant\/\" rel=\"noopener\">Engleskom<\/a>.<\/p>\n","protected":false},"featured_media":18540,"template":"","meta":[],"product_brand":[],"product_cat":[87],"product_tag":[],"class_list":{"0":"post-18392","1":"product","2":"type-product","3":"status-publish","4":"has-post-thumbnail","6":"product_cat-prirucnik","8":"first","9":"instock","10":"taxable","11":"shipping-taxable","12":"purchasable","13":"product-type-simple"},"yoast_head":"<!-- This site is optimized with the Yoast SEO Premium plugin v24.7 (Yoast SEO v24.7) - https:\/\/yoast.com\/wordpress\/plugins\/seo\/ -->\n<title>ZA\u0160TITA KRITI\u010cNE INFRASTRUKTURE \u2013 Praktikum 1 \u2013 Procjena zlonamjernih rizika u elektorenergetskom sistemu - IPRKI<\/title>\n<meta name=\"robots\" content=\"noindex, follow\" \/>\n<meta property=\"og:locale\" content=\"en_US\" \/>\n<meta property=\"og:type\" content=\"article\" \/>\n<meta property=\"og:title\" content=\"ZA\u0160TITA KRITI\u010cNE INFRASTRUKTURE \u2013 Praktikum 1 \u2013 Procjena zlonamjernih rizika u elektorenergetskom sistemu - IPRKI\" \/>\n<meta property=\"og:description\" content=\"Efikasna za\u0161tita kriti\u010dne infrastrukture zahtijeva saradnju i proaktivan pristup u identifikaciji prijetnji i upravljanju rizicima, posebno u energetici.    Ova knjiga je tako\u0111e dostupna i na Engleskom.\" \/>\n<meta property=\"og:url\" content=\"https:\/\/iprki.me\/en\/proizvod\/zastita-kriticne-infrastrukture-praktikum-1-procjena-zlonamjernih-rizika-u-elektorenergetskom-sistemu\/\" \/>\n<meta property=\"og:site_name\" content=\"IPRKI\" \/>\n<meta property=\"article:publisher\" content=\"https:\/\/www.facebook.com\/IPRKI\" \/>\n<meta property=\"article:modified_time\" content=\"2025-07-04T08:36:12+00:00\" \/>\n<meta property=\"og:image\" content=\"https:\/\/iprki.me\/wp-content\/uploads\/2025\/06\/P__1_ME-scaled.webp\" \/>\n\t<meta property=\"og:image:width\" content=\"2560\" \/>\n\t<meta property=\"og:image:height\" content=\"1785\" \/>\n\t<meta property=\"og:image:type\" content=\"image\/webp\" \/>\n<meta name=\"twitter:card\" content=\"summary_large_image\" \/>\n<meta name=\"twitter:label1\" content=\"Est. reading time\" \/>\n\t<meta name=\"twitter:data1\" content=\"1 minute\" \/>\n<script type=\"application\/ld+json\" class=\"yoast-schema-graph\">{\"@context\":\"https:\/\/schema.org\",\"@graph\":[{\"@type\":\"WebPage\",\"@id\":\"https:\/\/iprki.me\/en\/proizvod\/zastita-kriticne-infrastrukture-praktikum-1-procjena-zlonamjernih-rizika-u-elektorenergetskom-sistemu\/\",\"url\":\"https:\/\/iprki.me\/en\/proizvod\/zastita-kriticne-infrastrukture-praktikum-1-procjena-zlonamjernih-rizika-u-elektorenergetskom-sistemu\/\",\"name\":\"ZA\u0160TITA KRITI\u010cNE INFRASTRUKTURE \u2013 Praktikum 1 \u2013 Procjena zlonamjernih rizika u elektorenergetskom sistemu - IPRKI\",\"isPartOf\":{\"@id\":\"https:\/\/iprki.me\/en\/#website\"},\"primaryImageOfPage\":{\"@id\":\"https:\/\/iprki.me\/en\/proizvod\/zastita-kriticne-infrastrukture-praktikum-1-procjena-zlonamjernih-rizika-u-elektorenergetskom-sistemu\/#primaryimage\"},\"image\":{\"@id\":\"https:\/\/iprki.me\/en\/proizvod\/zastita-kriticne-infrastrukture-praktikum-1-procjena-zlonamjernih-rizika-u-elektorenergetskom-sistemu\/#primaryimage\"},\"thumbnailUrl\":\"https:\/\/iprki.me\/wp-content\/uploads\/2025\/06\/P__1_ME-scaled.webp\",\"datePublished\":\"2025-06-27T00:29:04+00:00\",\"dateModified\":\"2025-07-04T08:36:12+00:00\",\"breadcrumb\":{\"@id\":\"https:\/\/iprki.me\/en\/proizvod\/zastita-kriticne-infrastrukture-praktikum-1-procjena-zlonamjernih-rizika-u-elektorenergetskom-sistemu\/#breadcrumb\"},\"inLanguage\":\"en-US\",\"potentialAction\":[{\"@type\":\"ReadAction\",\"target\":[\"https:\/\/iprki.me\/en\/proizvod\/zastita-kriticne-infrastrukture-praktikum-1-procjena-zlonamjernih-rizika-u-elektorenergetskom-sistemu\/\"]}]},{\"@type\":\"ImageObject\",\"inLanguage\":\"en-US\",\"@id\":\"https:\/\/iprki.me\/en\/proizvod\/zastita-kriticne-infrastrukture-praktikum-1-procjena-zlonamjernih-rizika-u-elektorenergetskom-sistemu\/#primaryimage\",\"url\":\"https:\/\/iprki.me\/wp-content\/uploads\/2025\/06\/P__1_ME-scaled.webp\",\"contentUrl\":\"https:\/\/iprki.me\/wp-content\/uploads\/2025\/06\/P__1_ME-scaled.webp\",\"width\":2560,\"height\":1785},{\"@type\":\"BreadcrumbList\",\"@id\":\"https:\/\/iprki.me\/en\/proizvod\/zastita-kriticne-infrastrukture-praktikum-1-procjena-zlonamjernih-rizika-u-elektorenergetskom-sistemu\/#breadcrumb\",\"itemListElement\":[{\"@type\":\"ListItem\",\"position\":1,\"name\":\"Home\",\"item\":\"https:\/\/iprki.me\/en\/\"},{\"@type\":\"ListItem\",\"position\":2,\"name\":\"Shop\",\"item\":\"https:\/\/iprki.me\/en\/shop\/\"},{\"@type\":\"ListItem\",\"position\":3,\"name\":\"ZA\u0160TITA KRITI\u010cNE INFRASTRUKTURE \u2013 Praktikum 1 \u2013 Procjena zlonamjernih rizika u elektorenergetskom sistemu\"}]},{\"@type\":\"WebSite\",\"@id\":\"https:\/\/iprki.me\/en\/#website\",\"url\":\"https:\/\/iprki.me\/en\/\",\"name\":\"IPRKI\",\"description\":\"Institut za procjenu rizika i kriti\u010dnu infrastrukturu\",\"publisher\":{\"@id\":\"https:\/\/iprki.me\/en\/#organization\"},\"potentialAction\":[{\"@type\":\"SearchAction\",\"target\":{\"@type\":\"EntryPoint\",\"urlTemplate\":\"https:\/\/iprki.me\/en\/?s={search_term_string}\"},\"query-input\":{\"@type\":\"PropertyValueSpecification\",\"valueRequired\":true,\"valueName\":\"search_term_string\"}}],\"inLanguage\":\"en-US\"},{\"@type\":\"Organization\",\"@id\":\"https:\/\/iprki.me\/en\/#organization\",\"name\":\"IPRKI - Institut za procjenu rizika i kriti\u010dnu infrastrukturu\",\"alternateName\":\"IPRKI\",\"url\":\"https:\/\/iprki.me\/en\/\",\"logo\":{\"@type\":\"ImageObject\",\"inLanguage\":\"en-US\",\"@id\":\"https:\/\/iprki.me\/en\/#\/schema\/logo\/image\/\",\"url\":\"https:\/\/iprki.me\/wp-content\/uploads\/2025\/05\/logo-500x500-1.jpg\",\"contentUrl\":\"https:\/\/iprki.me\/wp-content\/uploads\/2025\/05\/logo-500x500-1.jpg\",\"width\":500,\"height\":500,\"caption\":\"IPRKI - Institut za procjenu rizika i kriti\u010dnu infrastrukturu\"},\"image\":{\"@id\":\"https:\/\/iprki.me\/en\/#\/schema\/logo\/image\/\"},\"sameAs\":[\"https:\/\/www.facebook.com\/IPRKI\",\"https:\/\/www.linkedin.com\/company\/iprki\",\"https:\/\/www.instagram.com\/iprki.me\/\"],\"description\":\"Institut za procjenu rizika i kriti\u010dnu infrastrukturu (IPRKI) je nevladina organizacija posve\u0107ena unapre\u0111enju bezbjednosti gra\u0111ana, privrednih subjekata i dru\u0161tva u cjelini. Na\u0161a misija je podizanje svijesti o postoje\u0107im i potencijalnim bezbjednosnim rizicima te ja\u010danje ljudske, nacionalne, regionalne i me\u0111unarodne sigurnosti.\",\"email\":\"hi@iprki.me\",\"foundingDate\":\"2016-01-01\"}]}<\/script>\n<!-- \/ Yoast SEO Premium plugin. -->","yoast_head_json":{"title":"ZA\u0160TITA KRITI\u010cNE INFRASTRUKTURE \u2013 Praktikum 1 \u2013 Procjena zlonamjernih rizika u elektorenergetskom sistemu - IPRKI","robots":{"index":"noindex","follow":"follow"},"og_locale":"en_US","og_type":"article","og_title":"ZA\u0160TITA KRITI\u010cNE INFRASTRUKTURE \u2013 Praktikum 1 \u2013 Procjena zlonamjernih rizika u elektorenergetskom sistemu - IPRKI","og_description":"Efikasna za\u0161tita kriti\u010dne infrastrukture zahtijeva saradnju i proaktivan pristup u identifikaciji prijetnji i upravljanju rizicima, posebno u energetici.    Ova knjiga je tako\u0111e dostupna i na Engleskom.","og_url":"https:\/\/iprki.me\/en\/proizvod\/zastita-kriticne-infrastrukture-praktikum-1-procjena-zlonamjernih-rizika-u-elektorenergetskom-sistemu\/","og_site_name":"IPRKI","article_publisher":"https:\/\/www.facebook.com\/IPRKI","article_modified_time":"2025-07-04T08:36:12+00:00","og_image":[{"width":2560,"height":1785,"url":"https:\/\/iprki.me\/wp-content\/uploads\/2025\/06\/P__1_ME-scaled.webp","type":"image\/webp"}],"twitter_card":"summary_large_image","twitter_misc":{"Est. reading time":"1 minute"},"schema":{"@context":"https:\/\/schema.org","@graph":[{"@type":"WebPage","@id":"https:\/\/iprki.me\/en\/proizvod\/zastita-kriticne-infrastrukture-praktikum-1-procjena-zlonamjernih-rizika-u-elektorenergetskom-sistemu\/","url":"https:\/\/iprki.me\/en\/proizvod\/zastita-kriticne-infrastrukture-praktikum-1-procjena-zlonamjernih-rizika-u-elektorenergetskom-sistemu\/","name":"ZA\u0160TITA KRITI\u010cNE INFRASTRUKTURE \u2013 Praktikum 1 \u2013 Procjena zlonamjernih rizika u elektorenergetskom sistemu - IPRKI","isPartOf":{"@id":"https:\/\/iprki.me\/en\/#website"},"primaryImageOfPage":{"@id":"https:\/\/iprki.me\/en\/proizvod\/zastita-kriticne-infrastrukture-praktikum-1-procjena-zlonamjernih-rizika-u-elektorenergetskom-sistemu\/#primaryimage"},"image":{"@id":"https:\/\/iprki.me\/en\/proizvod\/zastita-kriticne-infrastrukture-praktikum-1-procjena-zlonamjernih-rizika-u-elektorenergetskom-sistemu\/#primaryimage"},"thumbnailUrl":"https:\/\/iprki.me\/wp-content\/uploads\/2025\/06\/P__1_ME-scaled.webp","datePublished":"2025-06-27T00:29:04+00:00","dateModified":"2025-07-04T08:36:12+00:00","breadcrumb":{"@id":"https:\/\/iprki.me\/en\/proizvod\/zastita-kriticne-infrastrukture-praktikum-1-procjena-zlonamjernih-rizika-u-elektorenergetskom-sistemu\/#breadcrumb"},"inLanguage":"en-US","potentialAction":[{"@type":"ReadAction","target":["https:\/\/iprki.me\/en\/proizvod\/zastita-kriticne-infrastrukture-praktikum-1-procjena-zlonamjernih-rizika-u-elektorenergetskom-sistemu\/"]}]},{"@type":"ImageObject","inLanguage":"en-US","@id":"https:\/\/iprki.me\/en\/proizvod\/zastita-kriticne-infrastrukture-praktikum-1-procjena-zlonamjernih-rizika-u-elektorenergetskom-sistemu\/#primaryimage","url":"https:\/\/iprki.me\/wp-content\/uploads\/2025\/06\/P__1_ME-scaled.webp","contentUrl":"https:\/\/iprki.me\/wp-content\/uploads\/2025\/06\/P__1_ME-scaled.webp","width":2560,"height":1785},{"@type":"BreadcrumbList","@id":"https:\/\/iprki.me\/en\/proizvod\/zastita-kriticne-infrastrukture-praktikum-1-procjena-zlonamjernih-rizika-u-elektorenergetskom-sistemu\/#breadcrumb","itemListElement":[{"@type":"ListItem","position":1,"name":"Home","item":"https:\/\/iprki.me\/en\/"},{"@type":"ListItem","position":2,"name":"Shop","item":"https:\/\/iprki.me\/en\/shop\/"},{"@type":"ListItem","position":3,"name":"ZA\u0160TITA KRITI\u010cNE INFRASTRUKTURE \u2013 Praktikum 1 \u2013 Procjena zlonamjernih rizika u elektorenergetskom sistemu"}]},{"@type":"WebSite","@id":"https:\/\/iprki.me\/en\/#website","url":"https:\/\/iprki.me\/en\/","name":"IPRKI","description":"Institut za procjenu rizika i kriti\u010dnu infrastrukturu","publisher":{"@id":"https:\/\/iprki.me\/en\/#organization"},"potentialAction":[{"@type":"SearchAction","target":{"@type":"EntryPoint","urlTemplate":"https:\/\/iprki.me\/en\/?s={search_term_string}"},"query-input":{"@type":"PropertyValueSpecification","valueRequired":true,"valueName":"search_term_string"}}],"inLanguage":"en-US"},{"@type":"Organization","@id":"https:\/\/iprki.me\/en\/#organization","name":"IPRKI - Institut za procjenu rizika i kriti\u010dnu infrastrukturu","alternateName":"IPRKI","url":"https:\/\/iprki.me\/en\/","logo":{"@type":"ImageObject","inLanguage":"en-US","@id":"https:\/\/iprki.me\/en\/#\/schema\/logo\/image\/","url":"https:\/\/iprki.me\/wp-content\/uploads\/2025\/05\/logo-500x500-1.jpg","contentUrl":"https:\/\/iprki.me\/wp-content\/uploads\/2025\/05\/logo-500x500-1.jpg","width":500,"height":500,"caption":"IPRKI - Institut za procjenu rizika i kriti\u010dnu infrastrukturu"},"image":{"@id":"https:\/\/iprki.me\/en\/#\/schema\/logo\/image\/"},"sameAs":["https:\/\/www.facebook.com\/IPRKI","https:\/\/www.linkedin.com\/company\/iprki","https:\/\/www.instagram.com\/iprki.me\/"],"description":"Institut za procjenu rizika i kriti\u010dnu infrastrukturu (IPRKI) je nevladina organizacija posve\u0107ena unapre\u0111enju bezbjednosti gra\u0111ana, privrednih subjekata i dru\u0161tva u cjelini. Na\u0161a misija je podizanje svijesti o postoje\u0107im i potencijalnim bezbjednosnim rizicima te ja\u010danje ljudske, nacionalne, regionalne i me\u0111unarodne sigurnosti.","email":"hi@iprki.me","foundingDate":"2016-01-01"}]}},"_links":{"self":[{"href":"https:\/\/iprki.me\/en\/wp-json\/wp\/v2\/product\/18392","targetHints":{"allow":["GET"]}}],"collection":[{"href":"https:\/\/iprki.me\/en\/wp-json\/wp\/v2\/product"}],"about":[{"href":"https:\/\/iprki.me\/en\/wp-json\/wp\/v2\/types\/product"}],"wp:featuredmedia":[{"embeddable":true,"href":"https:\/\/iprki.me\/en\/wp-json\/wp\/v2\/media\/18540"}],"wp:attachment":[{"href":"https:\/\/iprki.me\/en\/wp-json\/wp\/v2\/media?parent=18392"}],"wp:term":[{"taxonomy":"product_brand","embeddable":true,"href":"https:\/\/iprki.me\/en\/wp-json\/wp\/v2\/product_brand?post=18392"},{"taxonomy":"product_cat","embeddable":true,"href":"https:\/\/iprki.me\/en\/wp-json\/wp\/v2\/product_cat?post=18392"},{"taxonomy":"product_tag","embeddable":true,"href":"https:\/\/iprki.me\/en\/wp-json\/wp\/v2\/product_tag?post=18392"}],"curies":[{"name":"wp","href":"https:\/\/api.w.org\/{rel}","templated":true}]}}