{"id":18403,"date":"2025-06-27T02:51:06","date_gmt":"2025-06-27T00:51:06","guid":{"rendered":"https:\/\/iprki.me\/?post_type=product&#038;p=18403"},"modified":"2025-07-04T10:38:21","modified_gmt":"2025-07-04T08:38:21","slug":"zastita-kriticne-infrastrukture-praktikum-2-upravljanje-unutrasnjim-istragama","status":"publish","type":"product","link":"https:\/\/iprki.me\/en\/proizvod\/zastita-kriticne-infrastrukture-praktikum-2-upravljanje-unutrasnjim-istragama\/","title":{"rendered":"ZA\u0160TITA KRITI\u010cNE INFRASTRUKTURE \u2013 Praktikum 2 \u2013 Upravljanje unutra\u0161njim istragama"},"content":{"rendered":"<p>Upravljanje unutra\u0161njim istragama u za\u0161titi kriti\u010dne infrastrukture je va\u017ean segment bezbjednosnih sistema za o\u010duvanje bezbjednosti i integriteta vitalnih objekata i sistema. Unutra\u0161nje istrage poma\u017eu u identifikaciji, razumevanju i otklanjanju unutra\u0161njih pretnji, kao i u spre\u010davanju potencijalnih incidenata..<\/p>\n<p>Upravljanje i rukovo\u0111enje unutra\u0161njim istragama omogu\u0107ava pravovremenu identifikaciju i konteksta pretnji. Efikasno vo\u0111enje istraga zahteva jasno definisane procedure, stru\u010dni kadar i visok nivo povjerljivosti, uz kontinuiranu obuku i unapre\u0111enje procedura.<\/p>\n<div class=\"_df_book df-lite\" id=\"df_18335\"  _slug=\"18335\" data-title=\"zastita-kriticne-infrastrukture-praktikum-2-upravljanje-unutrasnjim-istragama\" wpoptions=\"true\" thumb=\"https:\/\/iprki.me\/wp-content\/uploads\/2025\/06\/P_2_ME-1-scaled.webp\" thumbtype=\"\" ><\/div><script class=\"df-shortcode-script\" nowprocket type=\"application\/javascript\">window.option_df_18335 = {\"outline\":[],\"duration\":\"500\",\"autoEnableOutline\":\"false\",\"autoEnableThumbnail\":\"false\",\"overwritePDFOutline\":\"false\",\"direction\":\"1\",\"pageSize\":\"0\",\"source\":\"https:\\\/\\\/iprki.me\\\/wp-content\\\/uploads\\\/2025\\\/06\\\/Praktikum-2-MNE-kratka-verzija.pdf\",\"wpOptions\":\"true\"}; if(window.DFLIP && window.DFLIP.parseBooks){window.DFLIP.parseBooks();}<\/script>\n","protected":false},"excerpt":{"rendered":"<p>Unutra\u0161nje istrage su klju\u010dne za otkrivanje i prevenciju prijetnji unutar kriti\u010dne infrastrukture, uz jasne procedure i visoku povjerljivost.<\/p>\n<p><a href=\"https:\/\/www.amazon.com\/dp\/1401967493\"><img decoding=\"async\" class=\"alignnone wp-image-18512\" src=\"https:\/\/iprki.me\/wp-content\/uploads\/2025\/06\/amazon-button_ME.svg\" alt=\"\" width=\"200\" height=\"94\" \/><\/a><\/p>\n<p>Ova knjiga je tako\u0111e dostupna i na <a href=\"https:\/\/iprki.me\/en\/product\/critical-infrastructure-protection-practicum-2-management-of-internal-investigations\/\" rel=\"noopener\">Engleskom<\/a>.<\/p>\n","protected":false},"featured_media":18488,"template":"","meta":[],"product_brand":[],"product_cat":[87],"product_tag":[],"class_list":{"0":"post-18403","1":"product","2":"type-product","3":"status-publish","4":"has-post-thumbnail","6":"product_cat-prirucnik","8":"first","9":"instock","10":"taxable","11":"shipping-taxable","12":"purchasable","13":"product-type-simple"},"yoast_head":"<!-- This site is optimized with the Yoast SEO Premium plugin v24.7 (Yoast SEO v24.7) - https:\/\/yoast.com\/wordpress\/plugins\/seo\/ -->\n<title>ZA\u0160TITA KRITI\u010cNE INFRASTRUKTURE \u2013 Praktikum 2 \u2013 Upravljanje unutra\u0161njim istragama - IPRKI<\/title>\n<meta name=\"robots\" content=\"noindex, follow\" \/>\n<meta property=\"og:locale\" content=\"en_US\" \/>\n<meta property=\"og:type\" content=\"article\" \/>\n<meta property=\"og:title\" content=\"ZA\u0160TITA KRITI\u010cNE INFRASTRUKTURE \u2013 Praktikum 2 \u2013 Upravljanje unutra\u0161njim istragama - IPRKI\" \/>\n<meta property=\"og:description\" content=\"Unutra\u0161nje istrage su klju\u010dne za otkrivanje i prevenciju prijetnji unutar kriti\u010dne infrastrukture, uz jasne procedure i visoku povjerljivost.    Ova knjiga je tako\u0111e dostupna i na Engleskom.\" \/>\n<meta property=\"og:url\" content=\"https:\/\/iprki.me\/en\/proizvod\/zastita-kriticne-infrastrukture-praktikum-2-upravljanje-unutrasnjim-istragama\/\" \/>\n<meta property=\"og:site_name\" content=\"IPRKI\" \/>\n<meta property=\"article:publisher\" content=\"https:\/\/www.facebook.com\/IPRKI\" \/>\n<meta property=\"article:modified_time\" content=\"2025-07-04T08:38:21+00:00\" \/>\n<meta property=\"og:image\" content=\"https:\/\/iprki.me\/wp-content\/uploads\/2025\/06\/P_2_ME-scaled.webp\" \/>\n\t<meta property=\"og:image:width\" content=\"2560\" \/>\n\t<meta property=\"og:image:height\" content=\"1740\" \/>\n\t<meta property=\"og:image:type\" content=\"image\/webp\" \/>\n<meta name=\"twitter:card\" content=\"summary_large_image\" \/>\n<meta name=\"twitter:label1\" content=\"Est. reading time\" \/>\n\t<meta name=\"twitter:data1\" content=\"1 minute\" \/>\n<script type=\"application\/ld+json\" class=\"yoast-schema-graph\">{\"@context\":\"https:\/\/schema.org\",\"@graph\":[{\"@type\":\"WebPage\",\"@id\":\"https:\/\/iprki.me\/en\/proizvod\/zastita-kriticne-infrastrukture-praktikum-2-upravljanje-unutrasnjim-istragama\/\",\"url\":\"https:\/\/iprki.me\/en\/proizvod\/zastita-kriticne-infrastrukture-praktikum-2-upravljanje-unutrasnjim-istragama\/\",\"name\":\"ZA\u0160TITA KRITI\u010cNE INFRASTRUKTURE \u2013 Praktikum 2 \u2013 Upravljanje unutra\u0161njim istragama - IPRKI\",\"isPartOf\":{\"@id\":\"https:\/\/iprki.me\/en\/#website\"},\"primaryImageOfPage\":{\"@id\":\"https:\/\/iprki.me\/en\/proizvod\/zastita-kriticne-infrastrukture-praktikum-2-upravljanje-unutrasnjim-istragama\/#primaryimage\"},\"image\":{\"@id\":\"https:\/\/iprki.me\/en\/proizvod\/zastita-kriticne-infrastrukture-praktikum-2-upravljanje-unutrasnjim-istragama\/#primaryimage\"},\"thumbnailUrl\":\"https:\/\/iprki.me\/wp-content\/uploads\/2025\/06\/P_2_ME-scaled.webp\",\"datePublished\":\"2025-06-27T00:51:06+00:00\",\"dateModified\":\"2025-07-04T08:38:21+00:00\",\"breadcrumb\":{\"@id\":\"https:\/\/iprki.me\/en\/proizvod\/zastita-kriticne-infrastrukture-praktikum-2-upravljanje-unutrasnjim-istragama\/#breadcrumb\"},\"inLanguage\":\"en-US\",\"potentialAction\":[{\"@type\":\"ReadAction\",\"target\":[\"https:\/\/iprki.me\/en\/proizvod\/zastita-kriticne-infrastrukture-praktikum-2-upravljanje-unutrasnjim-istragama\/\"]}]},{\"@type\":\"ImageObject\",\"inLanguage\":\"en-US\",\"@id\":\"https:\/\/iprki.me\/en\/proizvod\/zastita-kriticne-infrastrukture-praktikum-2-upravljanje-unutrasnjim-istragama\/#primaryimage\",\"url\":\"https:\/\/iprki.me\/wp-content\/uploads\/2025\/06\/P_2_ME-scaled.webp\",\"contentUrl\":\"https:\/\/iprki.me\/wp-content\/uploads\/2025\/06\/P_2_ME-scaled.webp\",\"width\":2560,\"height\":1740},{\"@type\":\"BreadcrumbList\",\"@id\":\"https:\/\/iprki.me\/en\/proizvod\/zastita-kriticne-infrastrukture-praktikum-2-upravljanje-unutrasnjim-istragama\/#breadcrumb\",\"itemListElement\":[{\"@type\":\"ListItem\",\"position\":1,\"name\":\"Home\",\"item\":\"https:\/\/iprki.me\/en\/\"},{\"@type\":\"ListItem\",\"position\":2,\"name\":\"Shop\",\"item\":\"https:\/\/iprki.me\/en\/shop\/\"},{\"@type\":\"ListItem\",\"position\":3,\"name\":\"ZA\u0160TITA KRITI\u010cNE INFRASTRUKTURE \u2013 Praktikum 2 \u2013 Upravljanje unutra\u0161njim istragama\"}]},{\"@type\":\"WebSite\",\"@id\":\"https:\/\/iprki.me\/en\/#website\",\"url\":\"https:\/\/iprki.me\/en\/\",\"name\":\"IPRKI\",\"description\":\"Institut za procjenu rizika i kriti\u010dnu infrastrukturu\",\"publisher\":{\"@id\":\"https:\/\/iprki.me\/en\/#organization\"},\"potentialAction\":[{\"@type\":\"SearchAction\",\"target\":{\"@type\":\"EntryPoint\",\"urlTemplate\":\"https:\/\/iprki.me\/en\/?s={search_term_string}\"},\"query-input\":{\"@type\":\"PropertyValueSpecification\",\"valueRequired\":true,\"valueName\":\"search_term_string\"}}],\"inLanguage\":\"en-US\"},{\"@type\":\"Organization\",\"@id\":\"https:\/\/iprki.me\/en\/#organization\",\"name\":\"IPRKI - Institut za procjenu rizika i kriti\u010dnu infrastrukturu\",\"alternateName\":\"IPRKI\",\"url\":\"https:\/\/iprki.me\/en\/\",\"logo\":{\"@type\":\"ImageObject\",\"inLanguage\":\"en-US\",\"@id\":\"https:\/\/iprki.me\/en\/#\/schema\/logo\/image\/\",\"url\":\"https:\/\/iprki.me\/wp-content\/uploads\/2025\/05\/logo-500x500-1.jpg\",\"contentUrl\":\"https:\/\/iprki.me\/wp-content\/uploads\/2025\/05\/logo-500x500-1.jpg\",\"width\":500,\"height\":500,\"caption\":\"IPRKI - Institut za procjenu rizika i kriti\u010dnu infrastrukturu\"},\"image\":{\"@id\":\"https:\/\/iprki.me\/en\/#\/schema\/logo\/image\/\"},\"sameAs\":[\"https:\/\/www.facebook.com\/IPRKI\",\"https:\/\/www.linkedin.com\/company\/iprki\",\"https:\/\/www.instagram.com\/iprki.me\/\"],\"description\":\"Institut za procjenu rizika i kriti\u010dnu infrastrukturu (IPRKI) je nevladina organizacija posve\u0107ena unapre\u0111enju bezbjednosti gra\u0111ana, privrednih subjekata i dru\u0161tva u cjelini. Na\u0161a misija je podizanje svijesti o postoje\u0107im i potencijalnim bezbjednosnim rizicima te ja\u010danje ljudske, nacionalne, regionalne i me\u0111unarodne sigurnosti.\",\"email\":\"hi@iprki.me\",\"foundingDate\":\"2016-01-01\"}]}<\/script>\n<!-- \/ Yoast SEO Premium plugin. -->","yoast_head_json":{"title":"ZA\u0160TITA KRITI\u010cNE INFRASTRUKTURE \u2013 Praktikum 2 \u2013 Upravljanje unutra\u0161njim istragama - IPRKI","robots":{"index":"noindex","follow":"follow"},"og_locale":"en_US","og_type":"article","og_title":"ZA\u0160TITA KRITI\u010cNE INFRASTRUKTURE \u2013 Praktikum 2 \u2013 Upravljanje unutra\u0161njim istragama - IPRKI","og_description":"Unutra\u0161nje istrage su klju\u010dne za otkrivanje i prevenciju prijetnji unutar kriti\u010dne infrastrukture, uz jasne procedure i visoku povjerljivost.    Ova knjiga je tako\u0111e dostupna i na Engleskom.","og_url":"https:\/\/iprki.me\/en\/proizvod\/zastita-kriticne-infrastrukture-praktikum-2-upravljanje-unutrasnjim-istragama\/","og_site_name":"IPRKI","article_publisher":"https:\/\/www.facebook.com\/IPRKI","article_modified_time":"2025-07-04T08:38:21+00:00","og_image":[{"width":2560,"height":1740,"url":"https:\/\/iprki.me\/wp-content\/uploads\/2025\/06\/P_2_ME-scaled.webp","type":"image\/webp"}],"twitter_card":"summary_large_image","twitter_misc":{"Est. reading time":"1 minute"},"schema":{"@context":"https:\/\/schema.org","@graph":[{"@type":"WebPage","@id":"https:\/\/iprki.me\/en\/proizvod\/zastita-kriticne-infrastrukture-praktikum-2-upravljanje-unutrasnjim-istragama\/","url":"https:\/\/iprki.me\/en\/proizvod\/zastita-kriticne-infrastrukture-praktikum-2-upravljanje-unutrasnjim-istragama\/","name":"ZA\u0160TITA KRITI\u010cNE INFRASTRUKTURE \u2013 Praktikum 2 \u2013 Upravljanje unutra\u0161njim istragama - IPRKI","isPartOf":{"@id":"https:\/\/iprki.me\/en\/#website"},"primaryImageOfPage":{"@id":"https:\/\/iprki.me\/en\/proizvod\/zastita-kriticne-infrastrukture-praktikum-2-upravljanje-unutrasnjim-istragama\/#primaryimage"},"image":{"@id":"https:\/\/iprki.me\/en\/proizvod\/zastita-kriticne-infrastrukture-praktikum-2-upravljanje-unutrasnjim-istragama\/#primaryimage"},"thumbnailUrl":"https:\/\/iprki.me\/wp-content\/uploads\/2025\/06\/P_2_ME-scaled.webp","datePublished":"2025-06-27T00:51:06+00:00","dateModified":"2025-07-04T08:38:21+00:00","breadcrumb":{"@id":"https:\/\/iprki.me\/en\/proizvod\/zastita-kriticne-infrastrukture-praktikum-2-upravljanje-unutrasnjim-istragama\/#breadcrumb"},"inLanguage":"en-US","potentialAction":[{"@type":"ReadAction","target":["https:\/\/iprki.me\/en\/proizvod\/zastita-kriticne-infrastrukture-praktikum-2-upravljanje-unutrasnjim-istragama\/"]}]},{"@type":"ImageObject","inLanguage":"en-US","@id":"https:\/\/iprki.me\/en\/proizvod\/zastita-kriticne-infrastrukture-praktikum-2-upravljanje-unutrasnjim-istragama\/#primaryimage","url":"https:\/\/iprki.me\/wp-content\/uploads\/2025\/06\/P_2_ME-scaled.webp","contentUrl":"https:\/\/iprki.me\/wp-content\/uploads\/2025\/06\/P_2_ME-scaled.webp","width":2560,"height":1740},{"@type":"BreadcrumbList","@id":"https:\/\/iprki.me\/en\/proizvod\/zastita-kriticne-infrastrukture-praktikum-2-upravljanje-unutrasnjim-istragama\/#breadcrumb","itemListElement":[{"@type":"ListItem","position":1,"name":"Home","item":"https:\/\/iprki.me\/en\/"},{"@type":"ListItem","position":2,"name":"Shop","item":"https:\/\/iprki.me\/en\/shop\/"},{"@type":"ListItem","position":3,"name":"ZA\u0160TITA KRITI\u010cNE INFRASTRUKTURE \u2013 Praktikum 2 \u2013 Upravljanje unutra\u0161njim istragama"}]},{"@type":"WebSite","@id":"https:\/\/iprki.me\/en\/#website","url":"https:\/\/iprki.me\/en\/","name":"IPRKI","description":"Institut za procjenu rizika i kriti\u010dnu infrastrukturu","publisher":{"@id":"https:\/\/iprki.me\/en\/#organization"},"potentialAction":[{"@type":"SearchAction","target":{"@type":"EntryPoint","urlTemplate":"https:\/\/iprki.me\/en\/?s={search_term_string}"},"query-input":{"@type":"PropertyValueSpecification","valueRequired":true,"valueName":"search_term_string"}}],"inLanguage":"en-US"},{"@type":"Organization","@id":"https:\/\/iprki.me\/en\/#organization","name":"IPRKI - Institut za procjenu rizika i kriti\u010dnu infrastrukturu","alternateName":"IPRKI","url":"https:\/\/iprki.me\/en\/","logo":{"@type":"ImageObject","inLanguage":"en-US","@id":"https:\/\/iprki.me\/en\/#\/schema\/logo\/image\/","url":"https:\/\/iprki.me\/wp-content\/uploads\/2025\/05\/logo-500x500-1.jpg","contentUrl":"https:\/\/iprki.me\/wp-content\/uploads\/2025\/05\/logo-500x500-1.jpg","width":500,"height":500,"caption":"IPRKI - Institut za procjenu rizika i kriti\u010dnu infrastrukturu"},"image":{"@id":"https:\/\/iprki.me\/en\/#\/schema\/logo\/image\/"},"sameAs":["https:\/\/www.facebook.com\/IPRKI","https:\/\/www.linkedin.com\/company\/iprki","https:\/\/www.instagram.com\/iprki.me\/"],"description":"Institut za procjenu rizika i kriti\u010dnu infrastrukturu (IPRKI) je nevladina organizacija posve\u0107ena unapre\u0111enju bezbjednosti gra\u0111ana, privrednih subjekata i dru\u0161tva u cjelini. Na\u0161a misija je podizanje svijesti o postoje\u0107im i potencijalnim bezbjednosnim rizicima te ja\u010danje ljudske, nacionalne, regionalne i me\u0111unarodne sigurnosti.","email":"hi@iprki.me","foundingDate":"2016-01-01"}]}},"_links":{"self":[{"href":"https:\/\/iprki.me\/en\/wp-json\/wp\/v2\/product\/18403","targetHints":{"allow":["GET"]}}],"collection":[{"href":"https:\/\/iprki.me\/en\/wp-json\/wp\/v2\/product"}],"about":[{"href":"https:\/\/iprki.me\/en\/wp-json\/wp\/v2\/types\/product"}],"wp:featuredmedia":[{"embeddable":true,"href":"https:\/\/iprki.me\/en\/wp-json\/wp\/v2\/media\/18488"}],"wp:attachment":[{"href":"https:\/\/iprki.me\/en\/wp-json\/wp\/v2\/media?parent=18403"}],"wp:term":[{"taxonomy":"product_brand","embeddable":true,"href":"https:\/\/iprki.me\/en\/wp-json\/wp\/v2\/product_brand?post=18403"},{"taxonomy":"product_cat","embeddable":true,"href":"https:\/\/iprki.me\/en\/wp-json\/wp\/v2\/product_cat?post=18403"},{"taxonomy":"product_tag","embeddable":true,"href":"https:\/\/iprki.me\/en\/wp-json\/wp\/v2\/product_tag?post=18403"}],"curies":[{"name":"wp","href":"https:\/\/api.w.org\/{rel}","templated":true}]}}