{"id":18408,"date":"2025-06-27T02:56:09","date_gmt":"2025-06-27T00:56:09","guid":{"rendered":"https:\/\/iprki.me\/?post_type=product&#038;p=18408"},"modified":"2025-07-04T10:35:26","modified_gmt":"2025-07-04T08:35:26","slug":"zastita-kriticne-infrastrukture-normativni-planski-i-strateski-okvir","status":"publish","type":"product","link":"https:\/\/iprki.me\/en\/proizvod\/zastita-kriticne-infrastrukture-normativni-planski-i-strateski-okvir\/","title":{"rendered":"ZA\u0160TITA KRITI\u010cNE INFRASTRUKTURE \u2013 Normativni, planski i strate\u0161ki okvir"},"content":{"rendered":"<p>Stalno prisutne opasnosti od prirodnih katastrofa i tehnolo\u0161kih akcidenata doprini\u00adjele su da pitanje za\u0161tite kriti\u010dne infrastrukture postane nezaobilazni dio strategija nacionalne bezbjednosti. Zajednice se permanentno suo\u010davaju sa pove\u0107anom pro\u00admjenjivo\u0161\u0107u vremenskih prilika, ali i sa nestabilnom ekonomskom i geopoliti\u010dkom situacijom. Zbog ovih turbulencija, oblast za\u0161tite kriti\u010dne infrastrukture do\u017eivljava zna\u010dajne promjene u pogledu operativnih potreba, izazova i prijetnji. Sa tim u vezi pojavila se potreba za teorijskom i prakti\u010dnom analizom ovog podru\u010dja, kao i za kreiranjem praktikuma za rje\u0161avanje prepoznatih problema. Prepoznav\u0161i ovu po\u00adtrebu, Institut za procjenu rizika i kriti\u010dnu infrastrukture iz Podgorice je odlu\u010dio da objavi serijal knjiga \u201eZa\u0161tita kriti\u010dne infrastrukture\u201c koji ide ukorak sa klju\u010dnim promjenama, pro\u0161iruju\u0107i istorijsko istra\u017eivanje, istra\u017euju\u0107i glavne oblasti od intere\u00adsa za kriti\u010dnu infrastrukturu, regulatorni okvir, saradnju, rizik i planski odgovor, oporavak i prevenciju, i pru\u017eaju\u0107i podr\u0161ku onima koji rade na sebi, bilo da su vladini regulatori, operatori, zainteresovane strane i klijenti razli\u010ditih infrastrukturnih sek\u00adtora, ili pripremaju svoje organizacije i kompanije za izazove koji \u0107e se vjerovatno pojaviti u narednom periodu.<\/p>\n<p><strong>Prva knjiga <\/strong>serijala nosi naziv <strong>Za\u0161tita kriti\u010dne infrastrukture: Normativni, planski i strate\u0161ki okvir<\/strong>. Naime, nesporno je da objekti, sistemi, procesi i opera\u00adcije u djelovima kriti\u010dne infrastrukture mogu biti ugro\u017eeni na razli\u010dite na\u010dine, \u0161to podrazumijeva odgovaraju\u0107e normativne, organizacione, bezbjednosne i tehni\u010dke pretpostavke za njihovo normalno funkcionisanje, odnosno za spre\u010davanje i otkla\u00adnjanje ugro\u017eavaju\u0107ih djelovanja. Polaze\u0107i od toga, prva knjiga serijala daje pro\u0161iren i pobolj\u0161an pogled na pojmovno odre\u0111enje, istorijat za\u0161tite i aktuelnu za\u0161titu kriti\u010dne infrastruktura na Balkanu, u zemljama EU, SAD i Velikoj Britaniji.<\/p>\n<div class=\"_df_book df-lite\" id=\"df_18342\"  _slug=\"zastita-kriticne-infrastrukture-normativni-planski-i-strateski-okvir\" data-title=\"zastita-kriticne-infrastrukture-normativni-planski-i-strateski-okvir\" wpoptions=\"true\" thumb=\"https:\/\/iprki.me\/wp-content\/uploads\/2025\/06\/ZKI_1_ME-1-scaled.webp\" thumbtype=\"\" ><\/div><script class=\"df-shortcode-script\" nowprocket type=\"application\/javascript\">window.option_df_18342 = {\"outline\":[],\"duration\":\"500\",\"autoEnableOutline\":\"false\",\"autoEnableThumbnail\":\"false\",\"overwritePDFOutline\":\"false\",\"direction\":\"1\",\"pageSize\":\"0\",\"source\":\"https:\\\/\\\/iprki.me\\\/wp-content\\\/uploads\\\/2025\\\/06\\\/Zastita-kriticne-infrastrukture-knjiga-I-MNE-kratka-verzija.pdf\",\"wpOptions\":\"true\"}; if(window.DFLIP && window.DFLIP.parseBooks){window.DFLIP.parseBooks();}<\/script>\n","protected":false},"excerpt":{"rendered":"<p>Stalne prijetnje prirodnim i tehnolo\u0161kim katastrofama \u010dine za\u0161titu kriti\u010dne infrastrukture klju\u010dnim dijelom bezbjednosnih strategija. Serijal knjiga IPRKI-ja \u201eZa\u0161tita kriti\u010dne infrastrukture\u201c analizira normativni, strate\u0161ki i planski okvir, pru\u017eaju\u0107i uvid u doma\u0107e i me\u0111unarodne pristupe i rje\u0161enja.<\/p>\n<p><a href=\"https:\/\/www.amazon.com\/dp\/1401967493\"><img decoding=\"async\" class=\"alignnone wp-image-18512\" src=\"https:\/\/iprki.me\/wp-content\/uploads\/2025\/06\/amazon-button_ME.svg\" alt=\"\" width=\"200\" \/><\/a><\/p>\n<p>Ova knjiga je tako\u0111e dostupna i na <a href=\"https:\/\/iprki.me\/en\/product\/critical-infrastructure-protection-normative-planning-and-strategic-framework\/\" rel=\"noopener\">Engleskom<\/a>.<\/p>\n","protected":false},"featured_media":18494,"template":"","meta":[],"product_brand":[],"product_cat":[87],"product_tag":[],"class_list":{"0":"post-18408","1":"product","2":"type-product","3":"status-publish","4":"has-post-thumbnail","6":"product_cat-prirucnik","8":"first","9":"instock","10":"taxable","11":"shipping-taxable","12":"purchasable","13":"product-type-simple"},"yoast_head":"<!-- This site is optimized with the Yoast SEO Premium plugin v24.7 (Yoast SEO v24.7) - https:\/\/yoast.com\/wordpress\/plugins\/seo\/ -->\n<title>ZA\u0160TITA KRITI\u010cNE INFRASTRUKTURE \u2013 Normativni, planski i strate\u0161ki okvir - IPRKI<\/title>\n<meta name=\"robots\" content=\"noindex, follow\" \/>\n<meta property=\"og:locale\" content=\"en_US\" \/>\n<meta property=\"og:type\" content=\"article\" \/>\n<meta property=\"og:title\" content=\"ZA\u0160TITA KRITI\u010cNE INFRASTRUKTURE \u2013 Normativni, planski i strate\u0161ki okvir - IPRKI\" \/>\n<meta property=\"og:description\" content=\"Stalne prijetnje prirodnim i tehnolo\u0161kim katastrofama \u010dine za\u0161titu kriti\u010dne infrastrukture klju\u010dnim dijelom bezbjednosnih strategija. Serijal knjiga IPRKI-ja \u201eZa\u0161tita kriti\u010dne infrastrukture\u201c analizira normativni, strate\u0161ki i planski okvir, pru\u017eaju\u0107i uvid u doma\u0107e i me\u0111unarodne pristupe i rje\u0161enja.    Ova knjiga je tako\u0111e dostupna i na Engleskom.\" \/>\n<meta property=\"og:url\" content=\"https:\/\/iprki.me\/en\/proizvod\/zastita-kriticne-infrastrukture-normativni-planski-i-strateski-okvir\/\" \/>\n<meta property=\"og:site_name\" content=\"IPRKI\" \/>\n<meta property=\"article:publisher\" content=\"https:\/\/www.facebook.com\/IPRKI\" \/>\n<meta property=\"article:modified_time\" content=\"2025-07-04T08:35:26+00:00\" \/>\n<meta property=\"og:image\" content=\"https:\/\/iprki.me\/wp-content\/uploads\/2025\/06\/ZKI_1_ME-scaled.webp\" \/>\n\t<meta property=\"og:image:width\" content=\"2560\" \/>\n\t<meta property=\"og:image:height\" content=\"1716\" \/>\n\t<meta property=\"og:image:type\" content=\"image\/webp\" \/>\n<meta name=\"twitter:card\" content=\"summary_large_image\" \/>\n<meta name=\"twitter:label1\" content=\"Est. reading time\" \/>\n\t<meta name=\"twitter:data1\" content=\"2 minutes\" \/>\n<script type=\"application\/ld+json\" class=\"yoast-schema-graph\">{\"@context\":\"https:\/\/schema.org\",\"@graph\":[{\"@type\":\"WebPage\",\"@id\":\"https:\/\/iprki.me\/en\/proizvod\/zastita-kriticne-infrastrukture-normativni-planski-i-strateski-okvir\/\",\"url\":\"https:\/\/iprki.me\/en\/proizvod\/zastita-kriticne-infrastrukture-normativni-planski-i-strateski-okvir\/\",\"name\":\"ZA\u0160TITA KRITI\u010cNE INFRASTRUKTURE \u2013 Normativni, planski i strate\u0161ki okvir - IPRKI\",\"isPartOf\":{\"@id\":\"https:\/\/iprki.me\/en\/#website\"},\"primaryImageOfPage\":{\"@id\":\"https:\/\/iprki.me\/en\/proizvod\/zastita-kriticne-infrastrukture-normativni-planski-i-strateski-okvir\/#primaryimage\"},\"image\":{\"@id\":\"https:\/\/iprki.me\/en\/proizvod\/zastita-kriticne-infrastrukture-normativni-planski-i-strateski-okvir\/#primaryimage\"},\"thumbnailUrl\":\"https:\/\/iprki.me\/wp-content\/uploads\/2025\/06\/ZKI_1_ME-scaled.webp\",\"datePublished\":\"2025-06-27T00:56:09+00:00\",\"dateModified\":\"2025-07-04T08:35:26+00:00\",\"breadcrumb\":{\"@id\":\"https:\/\/iprki.me\/en\/proizvod\/zastita-kriticne-infrastrukture-normativni-planski-i-strateski-okvir\/#breadcrumb\"},\"inLanguage\":\"en-US\",\"potentialAction\":[{\"@type\":\"ReadAction\",\"target\":[\"https:\/\/iprki.me\/en\/proizvod\/zastita-kriticne-infrastrukture-normativni-planski-i-strateski-okvir\/\"]}]},{\"@type\":\"ImageObject\",\"inLanguage\":\"en-US\",\"@id\":\"https:\/\/iprki.me\/en\/proizvod\/zastita-kriticne-infrastrukture-normativni-planski-i-strateski-okvir\/#primaryimage\",\"url\":\"https:\/\/iprki.me\/wp-content\/uploads\/2025\/06\/ZKI_1_ME-scaled.webp\",\"contentUrl\":\"https:\/\/iprki.me\/wp-content\/uploads\/2025\/06\/ZKI_1_ME-scaled.webp\",\"width\":2560,\"height\":1716},{\"@type\":\"BreadcrumbList\",\"@id\":\"https:\/\/iprki.me\/en\/proizvod\/zastita-kriticne-infrastrukture-normativni-planski-i-strateski-okvir\/#breadcrumb\",\"itemListElement\":[{\"@type\":\"ListItem\",\"position\":1,\"name\":\"Home\",\"item\":\"https:\/\/iprki.me\/en\/\"},{\"@type\":\"ListItem\",\"position\":2,\"name\":\"Shop\",\"item\":\"https:\/\/iprki.me\/en\/shop\/\"},{\"@type\":\"ListItem\",\"position\":3,\"name\":\"ZA\u0160TITA KRITI\u010cNE INFRASTRUKTURE \u2013 Normativni, planski i strate\u0161ki okvir\"}]},{\"@type\":\"WebSite\",\"@id\":\"https:\/\/iprki.me\/en\/#website\",\"url\":\"https:\/\/iprki.me\/en\/\",\"name\":\"IPRKI\",\"description\":\"Institut za procjenu rizika i kriti\u010dnu infrastrukturu\",\"publisher\":{\"@id\":\"https:\/\/iprki.me\/en\/#organization\"},\"potentialAction\":[{\"@type\":\"SearchAction\",\"target\":{\"@type\":\"EntryPoint\",\"urlTemplate\":\"https:\/\/iprki.me\/en\/?s={search_term_string}\"},\"query-input\":{\"@type\":\"PropertyValueSpecification\",\"valueRequired\":true,\"valueName\":\"search_term_string\"}}],\"inLanguage\":\"en-US\"},{\"@type\":\"Organization\",\"@id\":\"https:\/\/iprki.me\/en\/#organization\",\"name\":\"IPRKI - Institut za procjenu rizika i kriti\u010dnu infrastrukturu\",\"alternateName\":\"IPRKI\",\"url\":\"https:\/\/iprki.me\/en\/\",\"logo\":{\"@type\":\"ImageObject\",\"inLanguage\":\"en-US\",\"@id\":\"https:\/\/iprki.me\/en\/#\/schema\/logo\/image\/\",\"url\":\"https:\/\/iprki.me\/wp-content\/uploads\/2025\/05\/logo-500x500-1.jpg\",\"contentUrl\":\"https:\/\/iprki.me\/wp-content\/uploads\/2025\/05\/logo-500x500-1.jpg\",\"width\":500,\"height\":500,\"caption\":\"IPRKI - Institut za procjenu rizika i kriti\u010dnu infrastrukturu\"},\"image\":{\"@id\":\"https:\/\/iprki.me\/en\/#\/schema\/logo\/image\/\"},\"sameAs\":[\"https:\/\/www.facebook.com\/IPRKI\",\"https:\/\/www.linkedin.com\/company\/iprki\",\"https:\/\/www.instagram.com\/iprki.me\/\"],\"description\":\"Institut za procjenu rizika i kriti\u010dnu infrastrukturu (IPRKI) je nevladina organizacija posve\u0107ena unapre\u0111enju bezbjednosti gra\u0111ana, privrednih subjekata i dru\u0161tva u cjelini. Na\u0161a misija je podizanje svijesti o postoje\u0107im i potencijalnim bezbjednosnim rizicima te ja\u010danje ljudske, nacionalne, regionalne i me\u0111unarodne sigurnosti.\",\"email\":\"hi@iprki.me\",\"foundingDate\":\"2016-01-01\"}]}<\/script>\n<!-- \/ Yoast SEO Premium plugin. -->","yoast_head_json":{"title":"ZA\u0160TITA KRITI\u010cNE INFRASTRUKTURE \u2013 Normativni, planski i strate\u0161ki okvir - IPRKI","robots":{"index":"noindex","follow":"follow"},"og_locale":"en_US","og_type":"article","og_title":"ZA\u0160TITA KRITI\u010cNE INFRASTRUKTURE \u2013 Normativni, planski i strate\u0161ki okvir - IPRKI","og_description":"Stalne prijetnje prirodnim i tehnolo\u0161kim katastrofama \u010dine za\u0161titu kriti\u010dne infrastrukture klju\u010dnim dijelom bezbjednosnih strategija. Serijal knjiga IPRKI-ja \u201eZa\u0161tita kriti\u010dne infrastrukture\u201c analizira normativni, strate\u0161ki i planski okvir, pru\u017eaju\u0107i uvid u doma\u0107e i me\u0111unarodne pristupe i rje\u0161enja.    Ova knjiga je tako\u0111e dostupna i na Engleskom.","og_url":"https:\/\/iprki.me\/en\/proizvod\/zastita-kriticne-infrastrukture-normativni-planski-i-strateski-okvir\/","og_site_name":"IPRKI","article_publisher":"https:\/\/www.facebook.com\/IPRKI","article_modified_time":"2025-07-04T08:35:26+00:00","og_image":[{"width":2560,"height":1716,"url":"https:\/\/iprki.me\/wp-content\/uploads\/2025\/06\/ZKI_1_ME-scaled.webp","type":"image\/webp"}],"twitter_card":"summary_large_image","twitter_misc":{"Est. reading time":"2 minutes"},"schema":{"@context":"https:\/\/schema.org","@graph":[{"@type":"WebPage","@id":"https:\/\/iprki.me\/en\/proizvod\/zastita-kriticne-infrastrukture-normativni-planski-i-strateski-okvir\/","url":"https:\/\/iprki.me\/en\/proizvod\/zastita-kriticne-infrastrukture-normativni-planski-i-strateski-okvir\/","name":"ZA\u0160TITA KRITI\u010cNE INFRASTRUKTURE \u2013 Normativni, planski i strate\u0161ki okvir - IPRKI","isPartOf":{"@id":"https:\/\/iprki.me\/en\/#website"},"primaryImageOfPage":{"@id":"https:\/\/iprki.me\/en\/proizvod\/zastita-kriticne-infrastrukture-normativni-planski-i-strateski-okvir\/#primaryimage"},"image":{"@id":"https:\/\/iprki.me\/en\/proizvod\/zastita-kriticne-infrastrukture-normativni-planski-i-strateski-okvir\/#primaryimage"},"thumbnailUrl":"https:\/\/iprki.me\/wp-content\/uploads\/2025\/06\/ZKI_1_ME-scaled.webp","datePublished":"2025-06-27T00:56:09+00:00","dateModified":"2025-07-04T08:35:26+00:00","breadcrumb":{"@id":"https:\/\/iprki.me\/en\/proizvod\/zastita-kriticne-infrastrukture-normativni-planski-i-strateski-okvir\/#breadcrumb"},"inLanguage":"en-US","potentialAction":[{"@type":"ReadAction","target":["https:\/\/iprki.me\/en\/proizvod\/zastita-kriticne-infrastrukture-normativni-planski-i-strateski-okvir\/"]}]},{"@type":"ImageObject","inLanguage":"en-US","@id":"https:\/\/iprki.me\/en\/proizvod\/zastita-kriticne-infrastrukture-normativni-planski-i-strateski-okvir\/#primaryimage","url":"https:\/\/iprki.me\/wp-content\/uploads\/2025\/06\/ZKI_1_ME-scaled.webp","contentUrl":"https:\/\/iprki.me\/wp-content\/uploads\/2025\/06\/ZKI_1_ME-scaled.webp","width":2560,"height":1716},{"@type":"BreadcrumbList","@id":"https:\/\/iprki.me\/en\/proizvod\/zastita-kriticne-infrastrukture-normativni-planski-i-strateski-okvir\/#breadcrumb","itemListElement":[{"@type":"ListItem","position":1,"name":"Home","item":"https:\/\/iprki.me\/en\/"},{"@type":"ListItem","position":2,"name":"Shop","item":"https:\/\/iprki.me\/en\/shop\/"},{"@type":"ListItem","position":3,"name":"ZA\u0160TITA KRITI\u010cNE INFRASTRUKTURE \u2013 Normativni, planski i strate\u0161ki okvir"}]},{"@type":"WebSite","@id":"https:\/\/iprki.me\/en\/#website","url":"https:\/\/iprki.me\/en\/","name":"IPRKI","description":"Institut za procjenu rizika i kriti\u010dnu infrastrukturu","publisher":{"@id":"https:\/\/iprki.me\/en\/#organization"},"potentialAction":[{"@type":"SearchAction","target":{"@type":"EntryPoint","urlTemplate":"https:\/\/iprki.me\/en\/?s={search_term_string}"},"query-input":{"@type":"PropertyValueSpecification","valueRequired":true,"valueName":"search_term_string"}}],"inLanguage":"en-US"},{"@type":"Organization","@id":"https:\/\/iprki.me\/en\/#organization","name":"IPRKI - Institut za procjenu rizika i kriti\u010dnu infrastrukturu","alternateName":"IPRKI","url":"https:\/\/iprki.me\/en\/","logo":{"@type":"ImageObject","inLanguage":"en-US","@id":"https:\/\/iprki.me\/en\/#\/schema\/logo\/image\/","url":"https:\/\/iprki.me\/wp-content\/uploads\/2025\/05\/logo-500x500-1.jpg","contentUrl":"https:\/\/iprki.me\/wp-content\/uploads\/2025\/05\/logo-500x500-1.jpg","width":500,"height":500,"caption":"IPRKI - Institut za procjenu rizika i kriti\u010dnu infrastrukturu"},"image":{"@id":"https:\/\/iprki.me\/en\/#\/schema\/logo\/image\/"},"sameAs":["https:\/\/www.facebook.com\/IPRKI","https:\/\/www.linkedin.com\/company\/iprki","https:\/\/www.instagram.com\/iprki.me\/"],"description":"Institut za procjenu rizika i kriti\u010dnu infrastrukturu (IPRKI) je nevladina organizacija posve\u0107ena unapre\u0111enju bezbjednosti gra\u0111ana, privrednih subjekata i dru\u0161tva u cjelini. Na\u0161a misija je podizanje svijesti o postoje\u0107im i potencijalnim bezbjednosnim rizicima te ja\u010danje ljudske, nacionalne, regionalne i me\u0111unarodne sigurnosti.","email":"hi@iprki.me","foundingDate":"2016-01-01"}]}},"_links":{"self":[{"href":"https:\/\/iprki.me\/en\/wp-json\/wp\/v2\/product\/18408","targetHints":{"allow":["GET"]}}],"collection":[{"href":"https:\/\/iprki.me\/en\/wp-json\/wp\/v2\/product"}],"about":[{"href":"https:\/\/iprki.me\/en\/wp-json\/wp\/v2\/types\/product"}],"wp:featuredmedia":[{"embeddable":true,"href":"https:\/\/iprki.me\/en\/wp-json\/wp\/v2\/media\/18494"}],"wp:attachment":[{"href":"https:\/\/iprki.me\/en\/wp-json\/wp\/v2\/media?parent=18408"}],"wp:term":[{"taxonomy":"product_brand","embeddable":true,"href":"https:\/\/iprki.me\/en\/wp-json\/wp\/v2\/product_brand?post=18408"},{"taxonomy":"product_cat","embeddable":true,"href":"https:\/\/iprki.me\/en\/wp-json\/wp\/v2\/product_cat?post=18408"},{"taxonomy":"product_tag","embeddable":true,"href":"https:\/\/iprki.me\/en\/wp-json\/wp\/v2\/product_tag?post=18408"}],"curies":[{"name":"wp","href":"https:\/\/api.w.org\/{rel}","templated":true}]}}