{"id":18413,"date":"2025-06-27T03:03:00","date_gmt":"2025-06-27T01:03:00","guid":{"rendered":"https:\/\/iprki.me\/?post_type=product&#038;p=18413"},"modified":"2025-07-04T10:35:16","modified_gmt":"2025-07-04T08:35:16","slug":"zastita-kriticne-infrastrukture-privatno-javno-partnerstvo","status":"publish","type":"product","link":"https:\/\/iprki.me\/en\/proizvod\/zastita-kriticne-infrastrukture-privatno-javno-partnerstvo\/","title":{"rendered":"ZA\u0160TITA KRITI\u010cNE INFRASTRUKTURE \u2013 Privatno-javno partnerstvo"},"content":{"rendered":"<p>Stalno prisutne opasnosti od prirodnih katastrofa i tehnolo\u0161kih akcidenata doprini\u00adjele su da pitanje za\u0161tite kriti\u010dne infrastrukture postane nezaobilazni dio strategija nacionalne bezbjednosti. Zajednice se permanentno suo\u010davaju sa pove\u0107anom pro\u00admjenjivo\u0161\u0107u vremenskih prilika, ali i sa nestabilnom ekonomskom i geopoliti\u010dkom situacijom. Zbog ovih turbulencija, oblast za\u0161tite kriti\u010dne infrastrukture do\u017eivljava zna\u010dajne promjene u pogledu operativnih potreba, izazova i prijetnji. Sa tim u vezi pojavila se potreba za teorijskom i prakti\u010dnom analizom ovog podru\u010dja, kao i za kreiranjem praktikuma za rje\u0161avanje prepoznatih problema. Prepoznav\u0161i ovu po\u00adtrebu, Institut za procjenu rizika i kriti\u010dnu infrastrukture iz Podgorice je odlu\u010dio da objavi serijal knjiga \u201eZa\u0161tita kriti\u010dne infrastrukture\u201c koji ide ukorak sa klju\u010dnim promjenama, pro\u0161iruju\u0107i istorijsko istra\u017eivanje, istra\u017euju\u0107i glavne oblasti od intere\u00adsa za kriti\u010dnu infrastrukturu, regulatorni okvir, saradnju, rizik i planski odgovor, oporavak i prevenciju, i pru\u017eaju\u0107i podr\u0161ku onima koji rade na sebi, bilo da su vladini regulatori, operatori, zainteresovane strane i klijenti razli\u010ditih infrastrukturnih sek\u00adtora, ili pripremaju svoje organizacije i kompanije za izazove koji \u0107e se vjerovatno pojaviti u narednom periodu.<\/p>\n<p><strong>Druga knjiga <\/strong>serijala nosi naziv <strong>Za\u0161tita kriti\u010dne infrastrukture: Privatno-javno partnerstvo. <\/strong>U savremeno doba koncept privatno-javnog partnerstva predstavlja sistemski pristup mnogih zemalja. Me\u0111utim, nastojanje da se saradnja javnog i privatnog sektora u ostvarivanju javnih usluga defini\u0161e na jedinstven i op\u0161teprihvatljiv na\u010din, nije lak zadatak. U svojim razli\u010ditim oblicima privatno-javno partnerstvo zadobija sve ve\u0107u popularnost u mnogim zemljama kao sredstvo koje se koristi za efikasno pru\u017eanje javnih usluga i stvaranje nove infrastrukture. Bez obzira na to \u0161to za mnoge ovaj fenomen predstavlja novost, on ve\u0107 ima dugu tradici-ju u mnogim dr\u017eavama. Knjiga predstavlja pregled istorijata i aktuelnih modaliteta saradnje javnog i privatnog sektora kriti\u010dne infrastrukture na Balkanu, u zemljama EU, SAD, Kanadi i Velikoj Britaniji..<\/p>\n<div class=\"_df_book df-lite\" id=\"df_18348\"  _slug=\"zastita-kriticne-infrastrukture-privatno-javno-partnerstvo\" data-title=\"zastita-kriticne-infrastrukture-privatno-javno-partnerstvo\" wpoptions=\"true\" thumb=\"https:\/\/iprki.me\/wp-content\/uploads\/2025\/06\/ZKI_2_ME-1-scaled.webp\" thumbtype=\"\" ><\/div><script class=\"df-shortcode-script\" nowprocket type=\"application\/javascript\">window.option_df_18348 = {\"outline\":[],\"duration\":\"500\",\"autoEnableOutline\":\"false\",\"autoEnableThumbnail\":\"false\",\"overwritePDFOutline\":\"false\",\"direction\":\"1\",\"pageSize\":\"0\",\"source\":\"https:\\\/\\\/iprki.me\\\/wp-content\\\/uploads\\\/2025\\\/06\\\/Zastita-kriticne-infrastrukture-knjiga-II-MNE-kratka-verzija.pdf\",\"wpOptions\":\"true\"}; if(window.DFLIP && window.DFLIP.parseBooks){window.DFLIP.parseBooks();}<\/script>\n","protected":false},"excerpt":{"rendered":"<p>Nepredvidive prirodne i tehnolo\u0161ke prijetnje tra\u017ee novi pristup za\u0161titi kriti\u010dne infrastrukture. Serijal knjiga IPRKI-ja prati klju\u010dne promjene u bezbjednosnim strategijama. Druga knjiga \u201ePrivatno-javno partnerstvo\u201c analizira oblike saradnje izme\u0111u javnog i privatnog sektora u zemljama Balkana, EU i \u0161ire.<\/p>\n<p><a href=\"https:\/\/www.amazon.com\/dp\/1401967493\"><img decoding=\"async\" class=\"alignnone wp-image-18512\" src=\"https:\/\/iprki.me\/wp-content\/uploads\/2025\/06\/amazon-button_ME.svg\" alt=\"\" width=\"200\" \/><\/a><\/p>\n<p>Ova knjiga je tako\u0111e dostupna i na <a href=\"https:\/\/iprki.me\/en\/product\/critical-infrastructure-protection-private-public-partnership\/\" rel=\"noopener\">Engleskom<\/a>.<\/p>\n","protected":false},"featured_media":18500,"template":"","meta":[],"product_brand":[],"product_cat":[87],"product_tag":[],"class_list":{"0":"post-18413","1":"product","2":"type-product","3":"status-publish","4":"has-post-thumbnail","6":"product_cat-prirucnik","8":"first","9":"instock","10":"taxable","11":"shipping-taxable","12":"purchasable","13":"product-type-simple"},"yoast_head":"<!-- This site is optimized with the Yoast SEO Premium plugin v24.7 (Yoast SEO v24.7) - https:\/\/yoast.com\/wordpress\/plugins\/seo\/ -->\n<title>ZA\u0160TITA KRITI\u010cNE INFRASTRUKTURE \u2013 Privatno-javno partnerstvo - IPRKI<\/title>\n<meta name=\"robots\" content=\"noindex, follow\" \/>\n<meta property=\"og:locale\" content=\"en_US\" \/>\n<meta property=\"og:type\" content=\"article\" \/>\n<meta property=\"og:title\" content=\"ZA\u0160TITA KRITI\u010cNE INFRASTRUKTURE \u2013 Privatno-javno partnerstvo - IPRKI\" \/>\n<meta property=\"og:description\" content=\"Nepredvidive prirodne i tehnolo\u0161ke prijetnje tra\u017ee novi pristup za\u0161titi kriti\u010dne infrastrukture. Serijal knjiga IPRKI-ja prati klju\u010dne promjene u bezbjednosnim strategijama. Druga knjiga \u201ePrivatno-javno partnerstvo\u201c analizira oblike saradnje izme\u0111u javnog i privatnog sektora u zemljama Balkana, EU i \u0161ire.    Ova knjiga je tako\u0111e dostupna i na Engleskom.\" \/>\n<meta property=\"og:url\" content=\"https:\/\/iprki.me\/en\/proizvod\/zastita-kriticne-infrastrukture-privatno-javno-partnerstvo\/\" \/>\n<meta property=\"og:site_name\" content=\"IPRKI\" \/>\n<meta property=\"article:publisher\" content=\"https:\/\/www.facebook.com\/IPRKI\" \/>\n<meta property=\"article:modified_time\" content=\"2025-07-04T08:35:16+00:00\" \/>\n<meta property=\"og:image\" content=\"https:\/\/iprki.me\/wp-content\/uploads\/2025\/06\/ZKI_2_ME-scaled.webp\" \/>\n\t<meta property=\"og:image:width\" content=\"2560\" \/>\n\t<meta property=\"og:image:height\" content=\"1702\" \/>\n\t<meta property=\"og:image:type\" content=\"image\/webp\" \/>\n<meta name=\"twitter:card\" content=\"summary_large_image\" \/>\n<meta name=\"twitter:label1\" content=\"Est. reading time\" \/>\n\t<meta name=\"twitter:data1\" content=\"2 minutes\" \/>\n<script type=\"application\/ld+json\" class=\"yoast-schema-graph\">{\"@context\":\"https:\/\/schema.org\",\"@graph\":[{\"@type\":\"WebPage\",\"@id\":\"https:\/\/iprki.me\/en\/proizvod\/zastita-kriticne-infrastrukture-privatno-javno-partnerstvo\/\",\"url\":\"https:\/\/iprki.me\/en\/proizvod\/zastita-kriticne-infrastrukture-privatno-javno-partnerstvo\/\",\"name\":\"ZA\u0160TITA KRITI\u010cNE INFRASTRUKTURE \u2013 Privatno-javno partnerstvo - IPRKI\",\"isPartOf\":{\"@id\":\"https:\/\/iprki.me\/en\/#website\"},\"primaryImageOfPage\":{\"@id\":\"https:\/\/iprki.me\/en\/proizvod\/zastita-kriticne-infrastrukture-privatno-javno-partnerstvo\/#primaryimage\"},\"image\":{\"@id\":\"https:\/\/iprki.me\/en\/proizvod\/zastita-kriticne-infrastrukture-privatno-javno-partnerstvo\/#primaryimage\"},\"thumbnailUrl\":\"https:\/\/iprki.me\/wp-content\/uploads\/2025\/06\/ZKI_2_ME-scaled.webp\",\"datePublished\":\"2025-06-27T01:03:00+00:00\",\"dateModified\":\"2025-07-04T08:35:16+00:00\",\"breadcrumb\":{\"@id\":\"https:\/\/iprki.me\/en\/proizvod\/zastita-kriticne-infrastrukture-privatno-javno-partnerstvo\/#breadcrumb\"},\"inLanguage\":\"en-US\",\"potentialAction\":[{\"@type\":\"ReadAction\",\"target\":[\"https:\/\/iprki.me\/en\/proizvod\/zastita-kriticne-infrastrukture-privatno-javno-partnerstvo\/\"]}]},{\"@type\":\"ImageObject\",\"inLanguage\":\"en-US\",\"@id\":\"https:\/\/iprki.me\/en\/proizvod\/zastita-kriticne-infrastrukture-privatno-javno-partnerstvo\/#primaryimage\",\"url\":\"https:\/\/iprki.me\/wp-content\/uploads\/2025\/06\/ZKI_2_ME-scaled.webp\",\"contentUrl\":\"https:\/\/iprki.me\/wp-content\/uploads\/2025\/06\/ZKI_2_ME-scaled.webp\",\"width\":2560,\"height\":1702},{\"@type\":\"BreadcrumbList\",\"@id\":\"https:\/\/iprki.me\/en\/proizvod\/zastita-kriticne-infrastrukture-privatno-javno-partnerstvo\/#breadcrumb\",\"itemListElement\":[{\"@type\":\"ListItem\",\"position\":1,\"name\":\"Home\",\"item\":\"https:\/\/iprki.me\/en\/\"},{\"@type\":\"ListItem\",\"position\":2,\"name\":\"Shop\",\"item\":\"https:\/\/iprki.me\/en\/shop\/\"},{\"@type\":\"ListItem\",\"position\":3,\"name\":\"ZA\u0160TITA KRITI\u010cNE INFRASTRUKTURE \u2013 Privatno-javno partnerstvo\"}]},{\"@type\":\"WebSite\",\"@id\":\"https:\/\/iprki.me\/en\/#website\",\"url\":\"https:\/\/iprki.me\/en\/\",\"name\":\"IPRKI\",\"description\":\"Institut za procjenu rizika i kriti\u010dnu infrastrukturu\",\"publisher\":{\"@id\":\"https:\/\/iprki.me\/en\/#organization\"},\"potentialAction\":[{\"@type\":\"SearchAction\",\"target\":{\"@type\":\"EntryPoint\",\"urlTemplate\":\"https:\/\/iprki.me\/en\/?s={search_term_string}\"},\"query-input\":{\"@type\":\"PropertyValueSpecification\",\"valueRequired\":true,\"valueName\":\"search_term_string\"}}],\"inLanguage\":\"en-US\"},{\"@type\":\"Organization\",\"@id\":\"https:\/\/iprki.me\/en\/#organization\",\"name\":\"IPRKI - Institut za procjenu rizika i kriti\u010dnu infrastrukturu\",\"alternateName\":\"IPRKI\",\"url\":\"https:\/\/iprki.me\/en\/\",\"logo\":{\"@type\":\"ImageObject\",\"inLanguage\":\"en-US\",\"@id\":\"https:\/\/iprki.me\/en\/#\/schema\/logo\/image\/\",\"url\":\"https:\/\/iprki.me\/wp-content\/uploads\/2025\/05\/logo-500x500-1.jpg\",\"contentUrl\":\"https:\/\/iprki.me\/wp-content\/uploads\/2025\/05\/logo-500x500-1.jpg\",\"width\":500,\"height\":500,\"caption\":\"IPRKI - Institut za procjenu rizika i kriti\u010dnu infrastrukturu\"},\"image\":{\"@id\":\"https:\/\/iprki.me\/en\/#\/schema\/logo\/image\/\"},\"sameAs\":[\"https:\/\/www.facebook.com\/IPRKI\",\"https:\/\/www.linkedin.com\/company\/iprki\",\"https:\/\/www.instagram.com\/iprki.me\/\"],\"description\":\"Institut za procjenu rizika i kriti\u010dnu infrastrukturu (IPRKI) je nevladina organizacija posve\u0107ena unapre\u0111enju bezbjednosti gra\u0111ana, privrednih subjekata i dru\u0161tva u cjelini. Na\u0161a misija je podizanje svijesti o postoje\u0107im i potencijalnim bezbjednosnim rizicima te ja\u010danje ljudske, nacionalne, regionalne i me\u0111unarodne sigurnosti.\",\"email\":\"hi@iprki.me\",\"foundingDate\":\"2016-01-01\"}]}<\/script>\n<!-- \/ Yoast SEO Premium plugin. -->","yoast_head_json":{"title":"ZA\u0160TITA KRITI\u010cNE INFRASTRUKTURE \u2013 Privatno-javno partnerstvo - IPRKI","robots":{"index":"noindex","follow":"follow"},"og_locale":"en_US","og_type":"article","og_title":"ZA\u0160TITA KRITI\u010cNE INFRASTRUKTURE \u2013 Privatno-javno partnerstvo - IPRKI","og_description":"Nepredvidive prirodne i tehnolo\u0161ke prijetnje tra\u017ee novi pristup za\u0161titi kriti\u010dne infrastrukture. Serijal knjiga IPRKI-ja prati klju\u010dne promjene u bezbjednosnim strategijama. Druga knjiga \u201ePrivatno-javno partnerstvo\u201c analizira oblike saradnje izme\u0111u javnog i privatnog sektora u zemljama Balkana, EU i \u0161ire.    Ova knjiga je tako\u0111e dostupna i na Engleskom.","og_url":"https:\/\/iprki.me\/en\/proizvod\/zastita-kriticne-infrastrukture-privatno-javno-partnerstvo\/","og_site_name":"IPRKI","article_publisher":"https:\/\/www.facebook.com\/IPRKI","article_modified_time":"2025-07-04T08:35:16+00:00","og_image":[{"width":2560,"height":1702,"url":"https:\/\/iprki.me\/wp-content\/uploads\/2025\/06\/ZKI_2_ME-scaled.webp","type":"image\/webp"}],"twitter_card":"summary_large_image","twitter_misc":{"Est. reading time":"2 minutes"},"schema":{"@context":"https:\/\/schema.org","@graph":[{"@type":"WebPage","@id":"https:\/\/iprki.me\/en\/proizvod\/zastita-kriticne-infrastrukture-privatno-javno-partnerstvo\/","url":"https:\/\/iprki.me\/en\/proizvod\/zastita-kriticne-infrastrukture-privatno-javno-partnerstvo\/","name":"ZA\u0160TITA KRITI\u010cNE INFRASTRUKTURE \u2013 Privatno-javno partnerstvo - IPRKI","isPartOf":{"@id":"https:\/\/iprki.me\/en\/#website"},"primaryImageOfPage":{"@id":"https:\/\/iprki.me\/en\/proizvod\/zastita-kriticne-infrastrukture-privatno-javno-partnerstvo\/#primaryimage"},"image":{"@id":"https:\/\/iprki.me\/en\/proizvod\/zastita-kriticne-infrastrukture-privatno-javno-partnerstvo\/#primaryimage"},"thumbnailUrl":"https:\/\/iprki.me\/wp-content\/uploads\/2025\/06\/ZKI_2_ME-scaled.webp","datePublished":"2025-06-27T01:03:00+00:00","dateModified":"2025-07-04T08:35:16+00:00","breadcrumb":{"@id":"https:\/\/iprki.me\/en\/proizvod\/zastita-kriticne-infrastrukture-privatno-javno-partnerstvo\/#breadcrumb"},"inLanguage":"en-US","potentialAction":[{"@type":"ReadAction","target":["https:\/\/iprki.me\/en\/proizvod\/zastita-kriticne-infrastrukture-privatno-javno-partnerstvo\/"]}]},{"@type":"ImageObject","inLanguage":"en-US","@id":"https:\/\/iprki.me\/en\/proizvod\/zastita-kriticne-infrastrukture-privatno-javno-partnerstvo\/#primaryimage","url":"https:\/\/iprki.me\/wp-content\/uploads\/2025\/06\/ZKI_2_ME-scaled.webp","contentUrl":"https:\/\/iprki.me\/wp-content\/uploads\/2025\/06\/ZKI_2_ME-scaled.webp","width":2560,"height":1702},{"@type":"BreadcrumbList","@id":"https:\/\/iprki.me\/en\/proizvod\/zastita-kriticne-infrastrukture-privatno-javno-partnerstvo\/#breadcrumb","itemListElement":[{"@type":"ListItem","position":1,"name":"Home","item":"https:\/\/iprki.me\/en\/"},{"@type":"ListItem","position":2,"name":"Shop","item":"https:\/\/iprki.me\/en\/shop\/"},{"@type":"ListItem","position":3,"name":"ZA\u0160TITA KRITI\u010cNE INFRASTRUKTURE \u2013 Privatno-javno partnerstvo"}]},{"@type":"WebSite","@id":"https:\/\/iprki.me\/en\/#website","url":"https:\/\/iprki.me\/en\/","name":"IPRKI","description":"Institut za procjenu rizika i kriti\u010dnu infrastrukturu","publisher":{"@id":"https:\/\/iprki.me\/en\/#organization"},"potentialAction":[{"@type":"SearchAction","target":{"@type":"EntryPoint","urlTemplate":"https:\/\/iprki.me\/en\/?s={search_term_string}"},"query-input":{"@type":"PropertyValueSpecification","valueRequired":true,"valueName":"search_term_string"}}],"inLanguage":"en-US"},{"@type":"Organization","@id":"https:\/\/iprki.me\/en\/#organization","name":"IPRKI - Institut za procjenu rizika i kriti\u010dnu infrastrukturu","alternateName":"IPRKI","url":"https:\/\/iprki.me\/en\/","logo":{"@type":"ImageObject","inLanguage":"en-US","@id":"https:\/\/iprki.me\/en\/#\/schema\/logo\/image\/","url":"https:\/\/iprki.me\/wp-content\/uploads\/2025\/05\/logo-500x500-1.jpg","contentUrl":"https:\/\/iprki.me\/wp-content\/uploads\/2025\/05\/logo-500x500-1.jpg","width":500,"height":500,"caption":"IPRKI - Institut za procjenu rizika i kriti\u010dnu infrastrukturu"},"image":{"@id":"https:\/\/iprki.me\/en\/#\/schema\/logo\/image\/"},"sameAs":["https:\/\/www.facebook.com\/IPRKI","https:\/\/www.linkedin.com\/company\/iprki","https:\/\/www.instagram.com\/iprki.me\/"],"description":"Institut za procjenu rizika i kriti\u010dnu infrastrukturu (IPRKI) je nevladina organizacija posve\u0107ena unapre\u0111enju bezbjednosti gra\u0111ana, privrednih subjekata i dru\u0161tva u cjelini. Na\u0161a misija je podizanje svijesti o postoje\u0107im i potencijalnim bezbjednosnim rizicima te ja\u010danje ljudske, nacionalne, regionalne i me\u0111unarodne sigurnosti.","email":"hi@iprki.me","foundingDate":"2016-01-01"}]}},"_links":{"self":[{"href":"https:\/\/iprki.me\/en\/wp-json\/wp\/v2\/product\/18413","targetHints":{"allow":["GET"]}}],"collection":[{"href":"https:\/\/iprki.me\/en\/wp-json\/wp\/v2\/product"}],"about":[{"href":"https:\/\/iprki.me\/en\/wp-json\/wp\/v2\/types\/product"}],"wp:featuredmedia":[{"embeddable":true,"href":"https:\/\/iprki.me\/en\/wp-json\/wp\/v2\/media\/18500"}],"wp:attachment":[{"href":"https:\/\/iprki.me\/en\/wp-json\/wp\/v2\/media?parent=18413"}],"wp:term":[{"taxonomy":"product_brand","embeddable":true,"href":"https:\/\/iprki.me\/en\/wp-json\/wp\/v2\/product_brand?post=18413"},{"taxonomy":"product_cat","embeddable":true,"href":"https:\/\/iprki.me\/en\/wp-json\/wp\/v2\/product_cat?post=18413"},{"taxonomy":"product_tag","embeddable":true,"href":"https:\/\/iprki.me\/en\/wp-json\/wp\/v2\/product_tag?post=18413"}],"curies":[{"name":"wp","href":"https:\/\/api.w.org\/{rel}","templated":true}]}}