{"id":18423,"date":"2025-06-27T03:06:30","date_gmt":"2025-06-27T01:06:30","guid":{"rendered":"https:\/\/iprki.me\/product\/zastita-kriticne-infrastrukture-rizik-i-upravljanje-rizikom\/"},"modified":"2025-07-04T10:36:42","modified_gmt":"2025-07-04T08:36:42","slug":"critical-infrastructure-protection-risk-and-risk-management","status":"publish","type":"product","link":"https:\/\/iprki.me\/en\/product\/critical-infrastructure-protection-risk-and-risk-management\/","title":{"rendered":"CRITICAL INFRASTRUCTURE PROTECTION \u2013 Risk and risk management"},"content":{"rendered":"<p>The ever-present dangers of natural disasters and technological accidents have contributed to the issue of critical infrastructure protection becoming an indispensable part of national security strategies. Communities are permanently facing increased weather variability, but also an unstable economic and geopolitical situation. Due to these turbulences, the area of critical infrastructure protection is experiencing significant changes in terms of operational needs, challenges and threats. In this regard, there was a need for theoretical and practical analysis of this area, as well as the creation of practicums to solve identified problems. Recognizing this need, the Institute for Risk Assessment and Critical Infrastructure from Podgorica decided to publish a series of books \u201cCritical Infrastructure Protection\u201d that keeps pace with key changes, expanding historical research, exploring major areas of interest for critical infrastructure, regulatory framework, cooperation, risk and planned response, recovery and prevention, and providing support to those working on themselves, whether they are government regulators, operators, stakeholders and clients of various infrastructure sectors, or preparing their organizations and companies for challenges likely to arise in the coming period.<\/p>\n<p><strong>The third book<\/strong> in the series is entitled <strong>Critical Infrastructure Protection: Risk and Risk Management<\/strong>. It is known that increasingly pronounced threats and increasingly unstable and operational environments present challenges at all levels. With this in mind, the third book presents a unique and new perspective of reviewing the basic requirements against a range of changing factors, taking a balanced approach between risk-based planning and consequence management. The book covers the following topics: risk management in critical infrastructure, methods and techniques for risk assessment, EU guidelines for risk assessment and risk management from the perspective of the US Department of Homeland Security.<\/p>\n<div class=\"_df_book df-lite\" id=\"df_18372\"  _slug=\"critical-infrastructure-protection-risk-and-risk-management\" data-title=\"critical-infrastructure-protection-risk-and-risk-management\" wpoptions=\"true\" thumb=\"https:\/\/iprki.me\/wp-content\/uploads\/2025\/06\/CIP_3_EN-1-scaled.webp\" thumbtype=\"\" ><\/div><script class=\"df-shortcode-script\" nowprocket type=\"application\/javascript\">window.option_df_18372 = {\"outline\":[],\"duration\":\"500\",\"autoEnableOutline\":\"false\",\"autoEnableThumbnail\":\"false\",\"overwritePDFOutline\":\"false\",\"direction\":\"1\",\"pageSize\":\"0\",\"source\":\"https:\\\/\\\/iprki.me\\\/wp-content\\\/uploads\\\/2025\\\/06\\\/Protection-of-Critical-Infrastructure-III-ENG-kratka-verzija.pdf\",\"wpOptions\":\"true\"}; if(window.DFLIP && window.DFLIP.parseBooks){window.DFLIP.parseBooks();}<\/script>\n","protected":false},"excerpt":{"rendered":"<p>The third book of the series &#8220;Critical Infrastructure Protection: Risk and Risk Management&#8221; brings modern approaches to risk assessment and management in the context of increasing threats and an unstable environment. It covers EU and US guidelines, assessment methods and the balance between planning and responding to crisis situations.<\/p>\n<p><a href=\"https:\/\/www.amazon.com\/dp\/1401967493\"><img decoding=\"async\" class=\"alignnone wp-image-18514\" src=\"https:\/\/iprki.me\/wp-content\/uploads\/2025\/06\/amazon-button_EN.svg\" alt=\"\" width=\"200\" \/><\/a><\/p>\n<p>This book is also available in <a href=\"https:\/\/iprki.me\/proizvod\/zastita-kriticne-infrastrukture-rizik-i-upravljanje-rizikom\/\" rel=\"noopener\">Montenegrin<\/a>.<\/p>\n","protected":false},"featured_media":18476,"template":"","meta":[],"product_brand":[],"product_cat":[113],"product_tag":[],"class_list":{"0":"post-18423","1":"product","2":"type-product","3":"status-publish","4":"has-post-thumbnail","6":"product_cat-prirucnik-en","8":"first","9":"instock","10":"taxable","11":"shipping-taxable","12":"purchasable","13":"product-type-simple"},"yoast_head":"<!-- This site is optimized with the Yoast SEO Premium plugin v24.7 (Yoast SEO v24.7) - https:\/\/yoast.com\/wordpress\/plugins\/seo\/ -->\n<title>CRITICAL INFRASTRUCTURE PROTECTION \u2013 Risk and risk management - IPRKI<\/title>\n<meta name=\"robots\" content=\"noindex, follow\" \/>\n<meta property=\"og:locale\" content=\"en_US\" \/>\n<meta property=\"og:type\" content=\"article\" \/>\n<meta property=\"og:title\" content=\"CRITICAL INFRASTRUCTURE PROTECTION \u2013 Risk and risk management - IPRKI\" \/>\n<meta property=\"og:description\" content=\"The third book of the series &quot;Critical Infrastructure Protection: Risk and Risk Management&quot; brings modern approaches to risk assessment and management in the context of increasing threats and an unstable environment. It covers EU and US guidelines, assessment methods and the balance between planning and responding to crisis situations.    This book is also available in Montenegrin.\" \/>\n<meta property=\"og:url\" content=\"https:\/\/iprki.me\/en\/product\/critical-infrastructure-protection-risk-and-risk-management\/\" \/>\n<meta property=\"og:site_name\" content=\"IPRKI\" \/>\n<meta property=\"article:publisher\" content=\"https:\/\/www.facebook.com\/IPRKI\" \/>\n<meta property=\"article:modified_time\" content=\"2025-07-04T08:36:42+00:00\" \/>\n<meta property=\"og:image\" content=\"https:\/\/iprki.me\/wp-content\/uploads\/2025\/06\/CIP_3_EN-scaled.webp\" \/>\n\t<meta property=\"og:image:width\" content=\"2560\" \/>\n\t<meta property=\"og:image:height\" content=\"1702\" \/>\n\t<meta property=\"og:image:type\" content=\"image\/webp\" \/>\n<meta name=\"twitter:card\" content=\"summary_large_image\" \/>\n<meta name=\"twitter:label1\" content=\"Est. reading time\" \/>\n\t<meta name=\"twitter:data1\" content=\"2 minutes\" \/>\n<script type=\"application\/ld+json\" class=\"yoast-schema-graph\">{\"@context\":\"https:\/\/schema.org\",\"@graph\":[{\"@type\":\"WebPage\",\"@id\":\"https:\/\/iprki.me\/en\/product\/critical-infrastructure-protection-risk-and-risk-management\/\",\"url\":\"https:\/\/iprki.me\/en\/product\/critical-infrastructure-protection-risk-and-risk-management\/\",\"name\":\"CRITICAL INFRASTRUCTURE PROTECTION \u2013 Risk and risk management - IPRKI\",\"isPartOf\":{\"@id\":\"https:\/\/iprki.me\/en\/#website\"},\"primaryImageOfPage\":{\"@id\":\"https:\/\/iprki.me\/en\/product\/critical-infrastructure-protection-risk-and-risk-management\/#primaryimage\"},\"image\":{\"@id\":\"https:\/\/iprki.me\/en\/product\/critical-infrastructure-protection-risk-and-risk-management\/#primaryimage\"},\"thumbnailUrl\":\"https:\/\/iprki.me\/wp-content\/uploads\/2025\/06\/CIP_3_EN-scaled.webp\",\"datePublished\":\"2025-06-27T01:06:30+00:00\",\"dateModified\":\"2025-07-04T08:36:42+00:00\",\"breadcrumb\":{\"@id\":\"https:\/\/iprki.me\/en\/product\/critical-infrastructure-protection-risk-and-risk-management\/#breadcrumb\"},\"inLanguage\":\"en-US\",\"potentialAction\":[{\"@type\":\"ReadAction\",\"target\":[\"https:\/\/iprki.me\/en\/product\/critical-infrastructure-protection-risk-and-risk-management\/\"]}]},{\"@type\":\"ImageObject\",\"inLanguage\":\"en-US\",\"@id\":\"https:\/\/iprki.me\/en\/product\/critical-infrastructure-protection-risk-and-risk-management\/#primaryimage\",\"url\":\"https:\/\/iprki.me\/wp-content\/uploads\/2025\/06\/CIP_3_EN-scaled.webp\",\"contentUrl\":\"https:\/\/iprki.me\/wp-content\/uploads\/2025\/06\/CIP_3_EN-scaled.webp\",\"width\":2560,\"height\":1702},{\"@type\":\"BreadcrumbList\",\"@id\":\"https:\/\/iprki.me\/en\/product\/critical-infrastructure-protection-risk-and-risk-management\/#breadcrumb\",\"itemListElement\":[{\"@type\":\"ListItem\",\"position\":1,\"name\":\"Home\",\"item\":\"https:\/\/iprki.me\/en\/\"},{\"@type\":\"ListItem\",\"position\":2,\"name\":\"Shop\",\"item\":\"https:\/\/iprki.me\/en\/shop\/\"},{\"@type\":\"ListItem\",\"position\":3,\"name\":\"CRITICAL INFRASTRUCTURE PROTECTION \u2013 Risk and risk management\"}]},{\"@type\":\"WebSite\",\"@id\":\"https:\/\/iprki.me\/en\/#website\",\"url\":\"https:\/\/iprki.me\/en\/\",\"name\":\"IPRKI\",\"description\":\"Institut za procjenu rizika i kriti\u010dnu infrastrukturu\",\"publisher\":{\"@id\":\"https:\/\/iprki.me\/en\/#organization\"},\"potentialAction\":[{\"@type\":\"SearchAction\",\"target\":{\"@type\":\"EntryPoint\",\"urlTemplate\":\"https:\/\/iprki.me\/en\/?s={search_term_string}\"},\"query-input\":{\"@type\":\"PropertyValueSpecification\",\"valueRequired\":true,\"valueName\":\"search_term_string\"}}],\"inLanguage\":\"en-US\"},{\"@type\":\"Organization\",\"@id\":\"https:\/\/iprki.me\/en\/#organization\",\"name\":\"IPRKI - Institut za procjenu rizika i kriti\u010dnu infrastrukturu\",\"alternateName\":\"IPRKI\",\"url\":\"https:\/\/iprki.me\/en\/\",\"logo\":{\"@type\":\"ImageObject\",\"inLanguage\":\"en-US\",\"@id\":\"https:\/\/iprki.me\/en\/#\/schema\/logo\/image\/\",\"url\":\"https:\/\/iprki.me\/wp-content\/uploads\/2025\/05\/logo-500x500-1.jpg\",\"contentUrl\":\"https:\/\/iprki.me\/wp-content\/uploads\/2025\/05\/logo-500x500-1.jpg\",\"width\":500,\"height\":500,\"caption\":\"IPRKI - Institut za procjenu rizika i kriti\u010dnu infrastrukturu\"},\"image\":{\"@id\":\"https:\/\/iprki.me\/en\/#\/schema\/logo\/image\/\"},\"sameAs\":[\"https:\/\/www.facebook.com\/IPRKI\",\"https:\/\/www.linkedin.com\/company\/iprki\",\"https:\/\/www.instagram.com\/iprki.me\/\"],\"description\":\"Institut za procjenu rizika i kriti\u010dnu infrastrukturu (IPRKI) je nevladina organizacija posve\u0107ena unapre\u0111enju bezbjednosti gra\u0111ana, privrednih subjekata i dru\u0161tva u cjelini. Na\u0161a misija je podizanje svijesti o postoje\u0107im i potencijalnim bezbjednosnim rizicima te ja\u010danje ljudske, nacionalne, regionalne i me\u0111unarodne sigurnosti.\",\"email\":\"hi@iprki.me\",\"foundingDate\":\"2016-01-01\"}]}<\/script>\n<!-- \/ Yoast SEO Premium plugin. -->","yoast_head_json":{"title":"CRITICAL INFRASTRUCTURE PROTECTION \u2013 Risk and risk management - IPRKI","robots":{"index":"noindex","follow":"follow"},"og_locale":"en_US","og_type":"article","og_title":"CRITICAL INFRASTRUCTURE PROTECTION \u2013 Risk and risk management - IPRKI","og_description":"The third book of the series \"Critical Infrastructure Protection: Risk and Risk Management\" brings modern approaches to risk assessment and management in the context of increasing threats and an unstable environment. It covers EU and US guidelines, assessment methods and the balance between planning and responding to crisis situations.    This book is also available in Montenegrin.","og_url":"https:\/\/iprki.me\/en\/product\/critical-infrastructure-protection-risk-and-risk-management\/","og_site_name":"IPRKI","article_publisher":"https:\/\/www.facebook.com\/IPRKI","article_modified_time":"2025-07-04T08:36:42+00:00","og_image":[{"width":2560,"height":1702,"url":"https:\/\/iprki.me\/wp-content\/uploads\/2025\/06\/CIP_3_EN-scaled.webp","type":"image\/webp"}],"twitter_card":"summary_large_image","twitter_misc":{"Est. reading time":"2 minutes"},"schema":{"@context":"https:\/\/schema.org","@graph":[{"@type":"WebPage","@id":"https:\/\/iprki.me\/en\/product\/critical-infrastructure-protection-risk-and-risk-management\/","url":"https:\/\/iprki.me\/en\/product\/critical-infrastructure-protection-risk-and-risk-management\/","name":"CRITICAL INFRASTRUCTURE PROTECTION \u2013 Risk and risk management - IPRKI","isPartOf":{"@id":"https:\/\/iprki.me\/en\/#website"},"primaryImageOfPage":{"@id":"https:\/\/iprki.me\/en\/product\/critical-infrastructure-protection-risk-and-risk-management\/#primaryimage"},"image":{"@id":"https:\/\/iprki.me\/en\/product\/critical-infrastructure-protection-risk-and-risk-management\/#primaryimage"},"thumbnailUrl":"https:\/\/iprki.me\/wp-content\/uploads\/2025\/06\/CIP_3_EN-scaled.webp","datePublished":"2025-06-27T01:06:30+00:00","dateModified":"2025-07-04T08:36:42+00:00","breadcrumb":{"@id":"https:\/\/iprki.me\/en\/product\/critical-infrastructure-protection-risk-and-risk-management\/#breadcrumb"},"inLanguage":"en-US","potentialAction":[{"@type":"ReadAction","target":["https:\/\/iprki.me\/en\/product\/critical-infrastructure-protection-risk-and-risk-management\/"]}]},{"@type":"ImageObject","inLanguage":"en-US","@id":"https:\/\/iprki.me\/en\/product\/critical-infrastructure-protection-risk-and-risk-management\/#primaryimage","url":"https:\/\/iprki.me\/wp-content\/uploads\/2025\/06\/CIP_3_EN-scaled.webp","contentUrl":"https:\/\/iprki.me\/wp-content\/uploads\/2025\/06\/CIP_3_EN-scaled.webp","width":2560,"height":1702},{"@type":"BreadcrumbList","@id":"https:\/\/iprki.me\/en\/product\/critical-infrastructure-protection-risk-and-risk-management\/#breadcrumb","itemListElement":[{"@type":"ListItem","position":1,"name":"Home","item":"https:\/\/iprki.me\/en\/"},{"@type":"ListItem","position":2,"name":"Shop","item":"https:\/\/iprki.me\/en\/shop\/"},{"@type":"ListItem","position":3,"name":"CRITICAL INFRASTRUCTURE PROTECTION \u2013 Risk and risk management"}]},{"@type":"WebSite","@id":"https:\/\/iprki.me\/en\/#website","url":"https:\/\/iprki.me\/en\/","name":"IPRKI","description":"Institut za procjenu rizika i kriti\u010dnu infrastrukturu","publisher":{"@id":"https:\/\/iprki.me\/en\/#organization"},"potentialAction":[{"@type":"SearchAction","target":{"@type":"EntryPoint","urlTemplate":"https:\/\/iprki.me\/en\/?s={search_term_string}"},"query-input":{"@type":"PropertyValueSpecification","valueRequired":true,"valueName":"search_term_string"}}],"inLanguage":"en-US"},{"@type":"Organization","@id":"https:\/\/iprki.me\/en\/#organization","name":"IPRKI - Institut za procjenu rizika i kriti\u010dnu infrastrukturu","alternateName":"IPRKI","url":"https:\/\/iprki.me\/en\/","logo":{"@type":"ImageObject","inLanguage":"en-US","@id":"https:\/\/iprki.me\/en\/#\/schema\/logo\/image\/","url":"https:\/\/iprki.me\/wp-content\/uploads\/2025\/05\/logo-500x500-1.jpg","contentUrl":"https:\/\/iprki.me\/wp-content\/uploads\/2025\/05\/logo-500x500-1.jpg","width":500,"height":500,"caption":"IPRKI - Institut za procjenu rizika i kriti\u010dnu infrastrukturu"},"image":{"@id":"https:\/\/iprki.me\/en\/#\/schema\/logo\/image\/"},"sameAs":["https:\/\/www.facebook.com\/IPRKI","https:\/\/www.linkedin.com\/company\/iprki","https:\/\/www.instagram.com\/iprki.me\/"],"description":"Institut za procjenu rizika i kriti\u010dnu infrastrukturu (IPRKI) je nevladina organizacija posve\u0107ena unapre\u0111enju bezbjednosti gra\u0111ana, privrednih subjekata i dru\u0161tva u cjelini. Na\u0161a misija je podizanje svijesti o postoje\u0107im i potencijalnim bezbjednosnim rizicima te ja\u010danje ljudske, nacionalne, regionalne i me\u0111unarodne sigurnosti.","email":"hi@iprki.me","foundingDate":"2016-01-01"}]}},"_links":{"self":[{"href":"https:\/\/iprki.me\/en\/wp-json\/wp\/v2\/product\/18423","targetHints":{"allow":["GET"]}}],"collection":[{"href":"https:\/\/iprki.me\/en\/wp-json\/wp\/v2\/product"}],"about":[{"href":"https:\/\/iprki.me\/en\/wp-json\/wp\/v2\/types\/product"}],"wp:featuredmedia":[{"embeddable":true,"href":"https:\/\/iprki.me\/en\/wp-json\/wp\/v2\/media\/18476"}],"wp:attachment":[{"href":"https:\/\/iprki.me\/en\/wp-json\/wp\/v2\/media?parent=18423"}],"wp:term":[{"taxonomy":"product_brand","embeddable":true,"href":"https:\/\/iprki.me\/en\/wp-json\/wp\/v2\/product_brand?post=18423"},{"taxonomy":"product_cat","embeddable":true,"href":"https:\/\/iprki.me\/en\/wp-json\/wp\/v2\/product_cat?post=18423"},{"taxonomy":"product_tag","embeddable":true,"href":"https:\/\/iprki.me\/en\/wp-json\/wp\/v2\/product_tag?post=18423"}],"curies":[{"name":"wp","href":"https:\/\/api.w.org\/{rel}","templated":true}]}}