{"id":18426,"date":"2025-06-27T03:03:00","date_gmt":"2025-06-27T01:03:00","guid":{"rendered":"https:\/\/iprki.me\/product\/zastita-kriticne-infrastrukture-privatno-javno-partnerstvo\/"},"modified":"2025-07-04T10:36:53","modified_gmt":"2025-07-04T08:36:53","slug":"critical-infrastructure-protection-private-public-partnership","status":"publish","type":"product","link":"https:\/\/iprki.me\/en\/product\/critical-infrastructure-protection-private-public-partnership\/","title":{"rendered":"CRITICAL INFRASTRUCTURE PROTECTION \u2013 Private-public partnership"},"content":{"rendered":"<p>The ever-present dangers of natural disasters and technological accidents have contributed to the issue of critical infrastructure protection becoming an indispensable part of national security strategies. Communities are permanently facing increased weather variability, but also an unstable economic and geopolitical situation. Due to these turbulences, the area of critical infrastructure protection is experiencing significant changes in terms of operational needs, challenges and threats. In this regard, there was a need for theoretical and practical analysis of this area, as well as the creation of practicums to solve identified problems. Recognizing this need, the Institute for Risk Assessment and Critical Infrastructure from Podgorica decided to publish a series of books \u201cCritical Infrastructure Protection\u201d that keeps pace with key changes, expanding historical research, exploring major areas of interest for critical infrastructure, regulatory framework, cooperation, risk and planned response, recovery and prevention, and providing support to those working on themselves, whether they are government regulators, operators, stakeholders and clients of various infrastructure sectors, or preparing their organizations and companies for challenges likely to arise in the coming period.<\/p>\n<p><strong>The second book<\/strong> in the series is entitled <strong>Critical Infrastructure Protection: Private-Public Partnership<\/strong>. In modern times, the concept of public-private partnership is a systemic approach of many countries. However, striving to define public-private cooperation in the delivery of public services in a unique and generally acceptable way is not an easy task. In their various forms, public-private partnerships are gaining popularity in many countries as a tool used to efficiently provide public services and create new infrastructure. Despite the fact that for many this phenomenon is a novelty, it already has a long tradition in many countries. The book presents an overview of the history and current modalities of cooperation between the public and private sectors of critical infrastructure in the Balkans, the EU, the USA, Canada and the United Kingdom.<\/p>\n<div class=\"_df_book df-lite\" id=\"df_18366\"  _slug=\"critical-infrastructure-protection-private-public-partnership\" data-title=\"critical-infrastructure-protection-private-public-partnership\" wpoptions=\"true\" thumb=\"https:\/\/iprki.me\/wp-content\/uploads\/2025\/06\/CIP_2_EN-1-scaled.webp\" thumbtype=\"\" ><\/div><script class=\"df-shortcode-script\" nowprocket type=\"application\/javascript\">window.option_df_18366 = {\"outline\":[],\"duration\":\"500\",\"autoEnableOutline\":\"false\",\"autoEnableThumbnail\":\"false\",\"overwritePDFOutline\":\"false\",\"direction\":\"1\",\"pageSize\":\"0\",\"source\":\"https:\\\/\\\/iprki.me\\\/wp-content\\\/uploads\\\/2025\\\/06\\\/Critical-Infrastructure-Protection-II-ENG-kratka-verzija.pdf\",\"wpOptions\":\"true\"}; if(window.DFLIP && window.DFLIP.parseBooks){window.DFLIP.parseBooks();}<\/script>\n","protected":false},"excerpt":{"rendered":"<p>Unpredictable natural and technological threats require a new approach to protecting critical infrastructure. IPRKI&#8217;s book series tracks key changes in security strategies. The second book &#8220;Private-Public Partnership&#8221; analyzes forms of cooperation between the public and private sectors in the countries of the Balkans, the EU and beyond.<\/p>\n<p><a href=\"https:\/\/www.amazon.com\/dp\/1401967493\"><img decoding=\"async\" class=\"alignnone wp-image-18514\" src=\"https:\/\/iprki.me\/wp-content\/uploads\/2025\/06\/amazon-button_EN.svg\" alt=\"\" width=\"200\" \/><\/a><\/p>\n<p>This book is also available in <a href=\"https:\/\/iprki.me\/proizvod\/zastita-kriticne-infrastrukture-privatno-javno-partnerstvo\/\" rel=\"noopener\">Montenegrin<\/a>.<\/p>\n","protected":false},"featured_media":18470,"template":"","meta":[],"product_brand":[],"product_cat":[113],"product_tag":[],"class_list":{"0":"post-18426","1":"product","2":"type-product","3":"status-publish","4":"has-post-thumbnail","6":"product_cat-prirucnik-en","8":"first","9":"instock","10":"taxable","11":"shipping-taxable","12":"purchasable","13":"product-type-simple"},"yoast_head":"<!-- This site is optimized with the Yoast SEO Premium plugin v24.7 (Yoast SEO v24.7) - https:\/\/yoast.com\/wordpress\/plugins\/seo\/ -->\n<title>CRITICAL INFRASTRUCTURE PROTECTION \u2013 Private-public partnership - IPRKI<\/title>\n<meta name=\"robots\" content=\"noindex, follow\" \/>\n<meta property=\"og:locale\" content=\"en_US\" \/>\n<meta property=\"og:type\" content=\"article\" \/>\n<meta property=\"og:title\" content=\"CRITICAL INFRASTRUCTURE PROTECTION \u2013 Private-public partnership - IPRKI\" \/>\n<meta property=\"og:description\" content=\"Unpredictable natural and technological threats require a new approach to protecting critical infrastructure. IPRKI&#039;s book series tracks key changes in security strategies. The second book &quot;Private-Public Partnership&quot; analyzes forms of cooperation between the public and private sectors in the countries of the Balkans, the EU and beyond.    This book is also available in Montenegrin.\" \/>\n<meta property=\"og:url\" content=\"https:\/\/iprki.me\/en\/product\/critical-infrastructure-protection-private-public-partnership\/\" \/>\n<meta property=\"og:site_name\" content=\"IPRKI\" \/>\n<meta property=\"article:publisher\" content=\"https:\/\/www.facebook.com\/IPRKI\" \/>\n<meta property=\"article:modified_time\" content=\"2025-07-04T08:36:53+00:00\" \/>\n<meta property=\"og:image\" content=\"https:\/\/iprki.me\/wp-content\/uploads\/2025\/06\/CIP_2_EN-scaled.webp\" \/>\n\t<meta property=\"og:image:width\" content=\"2560\" \/>\n\t<meta property=\"og:image:height\" content=\"1702\" \/>\n\t<meta property=\"og:image:type\" content=\"image\/webp\" \/>\n<meta name=\"twitter:card\" content=\"summary_large_image\" \/>\n<meta name=\"twitter:label1\" content=\"Est. reading time\" \/>\n\t<meta name=\"twitter:data1\" content=\"2 minutes\" \/>\n<script type=\"application\/ld+json\" class=\"yoast-schema-graph\">{\"@context\":\"https:\/\/schema.org\",\"@graph\":[{\"@type\":\"WebPage\",\"@id\":\"https:\/\/iprki.me\/en\/product\/critical-infrastructure-protection-private-public-partnership\/\",\"url\":\"https:\/\/iprki.me\/en\/product\/critical-infrastructure-protection-private-public-partnership\/\",\"name\":\"CRITICAL INFRASTRUCTURE PROTECTION \u2013 Private-public partnership - IPRKI\",\"isPartOf\":{\"@id\":\"https:\/\/iprki.me\/en\/#website\"},\"primaryImageOfPage\":{\"@id\":\"https:\/\/iprki.me\/en\/product\/critical-infrastructure-protection-private-public-partnership\/#primaryimage\"},\"image\":{\"@id\":\"https:\/\/iprki.me\/en\/product\/critical-infrastructure-protection-private-public-partnership\/#primaryimage\"},\"thumbnailUrl\":\"https:\/\/iprki.me\/wp-content\/uploads\/2025\/06\/CIP_2_EN-scaled.webp\",\"datePublished\":\"2025-06-27T01:03:00+00:00\",\"dateModified\":\"2025-07-04T08:36:53+00:00\",\"breadcrumb\":{\"@id\":\"https:\/\/iprki.me\/en\/product\/critical-infrastructure-protection-private-public-partnership\/#breadcrumb\"},\"inLanguage\":\"en-US\",\"potentialAction\":[{\"@type\":\"ReadAction\",\"target\":[\"https:\/\/iprki.me\/en\/product\/critical-infrastructure-protection-private-public-partnership\/\"]}]},{\"@type\":\"ImageObject\",\"inLanguage\":\"en-US\",\"@id\":\"https:\/\/iprki.me\/en\/product\/critical-infrastructure-protection-private-public-partnership\/#primaryimage\",\"url\":\"https:\/\/iprki.me\/wp-content\/uploads\/2025\/06\/CIP_2_EN-scaled.webp\",\"contentUrl\":\"https:\/\/iprki.me\/wp-content\/uploads\/2025\/06\/CIP_2_EN-scaled.webp\",\"width\":2560,\"height\":1702},{\"@type\":\"BreadcrumbList\",\"@id\":\"https:\/\/iprki.me\/en\/product\/critical-infrastructure-protection-private-public-partnership\/#breadcrumb\",\"itemListElement\":[{\"@type\":\"ListItem\",\"position\":1,\"name\":\"Home\",\"item\":\"https:\/\/iprki.me\/en\/\"},{\"@type\":\"ListItem\",\"position\":2,\"name\":\"Shop\",\"item\":\"https:\/\/iprki.me\/en\/shop\/\"},{\"@type\":\"ListItem\",\"position\":3,\"name\":\"CRITICAL INFRASTRUCTURE PROTECTION \u2013 Private-public partnership\"}]},{\"@type\":\"WebSite\",\"@id\":\"https:\/\/iprki.me\/en\/#website\",\"url\":\"https:\/\/iprki.me\/en\/\",\"name\":\"IPRKI\",\"description\":\"Institut za procjenu rizika i kriti\u010dnu infrastrukturu\",\"publisher\":{\"@id\":\"https:\/\/iprki.me\/en\/#organization\"},\"potentialAction\":[{\"@type\":\"SearchAction\",\"target\":{\"@type\":\"EntryPoint\",\"urlTemplate\":\"https:\/\/iprki.me\/en\/?s={search_term_string}\"},\"query-input\":{\"@type\":\"PropertyValueSpecification\",\"valueRequired\":true,\"valueName\":\"search_term_string\"}}],\"inLanguage\":\"en-US\"},{\"@type\":\"Organization\",\"@id\":\"https:\/\/iprki.me\/en\/#organization\",\"name\":\"IPRKI - Institut za procjenu rizika i kriti\u010dnu infrastrukturu\",\"alternateName\":\"IPRKI\",\"url\":\"https:\/\/iprki.me\/en\/\",\"logo\":{\"@type\":\"ImageObject\",\"inLanguage\":\"en-US\",\"@id\":\"https:\/\/iprki.me\/en\/#\/schema\/logo\/image\/\",\"url\":\"https:\/\/iprki.me\/wp-content\/uploads\/2025\/05\/logo-500x500-1.jpg\",\"contentUrl\":\"https:\/\/iprki.me\/wp-content\/uploads\/2025\/05\/logo-500x500-1.jpg\",\"width\":500,\"height\":500,\"caption\":\"IPRKI - Institut za procjenu rizika i kriti\u010dnu infrastrukturu\"},\"image\":{\"@id\":\"https:\/\/iprki.me\/en\/#\/schema\/logo\/image\/\"},\"sameAs\":[\"https:\/\/www.facebook.com\/IPRKI\",\"https:\/\/www.linkedin.com\/company\/iprki\",\"https:\/\/www.instagram.com\/iprki.me\/\"],\"description\":\"Institut za procjenu rizika i kriti\u010dnu infrastrukturu (IPRKI) je nevladina organizacija posve\u0107ena unapre\u0111enju bezbjednosti gra\u0111ana, privrednih subjekata i dru\u0161tva u cjelini. Na\u0161a misija je podizanje svijesti o postoje\u0107im i potencijalnim bezbjednosnim rizicima te ja\u010danje ljudske, nacionalne, regionalne i me\u0111unarodne sigurnosti.\",\"email\":\"hi@iprki.me\",\"foundingDate\":\"2016-01-01\"}]}<\/script>\n<!-- \/ Yoast SEO Premium plugin. -->","yoast_head_json":{"title":"CRITICAL INFRASTRUCTURE PROTECTION \u2013 Private-public partnership - IPRKI","robots":{"index":"noindex","follow":"follow"},"og_locale":"en_US","og_type":"article","og_title":"CRITICAL INFRASTRUCTURE PROTECTION \u2013 Private-public partnership - IPRKI","og_description":"Unpredictable natural and technological threats require a new approach to protecting critical infrastructure. IPRKI's book series tracks key changes in security strategies. The second book \"Private-Public Partnership\" analyzes forms of cooperation between the public and private sectors in the countries of the Balkans, the EU and beyond.    This book is also available in Montenegrin.","og_url":"https:\/\/iprki.me\/en\/product\/critical-infrastructure-protection-private-public-partnership\/","og_site_name":"IPRKI","article_publisher":"https:\/\/www.facebook.com\/IPRKI","article_modified_time":"2025-07-04T08:36:53+00:00","og_image":[{"width":2560,"height":1702,"url":"https:\/\/iprki.me\/wp-content\/uploads\/2025\/06\/CIP_2_EN-scaled.webp","type":"image\/webp"}],"twitter_card":"summary_large_image","twitter_misc":{"Est. reading time":"2 minutes"},"schema":{"@context":"https:\/\/schema.org","@graph":[{"@type":"WebPage","@id":"https:\/\/iprki.me\/en\/product\/critical-infrastructure-protection-private-public-partnership\/","url":"https:\/\/iprki.me\/en\/product\/critical-infrastructure-protection-private-public-partnership\/","name":"CRITICAL INFRASTRUCTURE PROTECTION \u2013 Private-public partnership - IPRKI","isPartOf":{"@id":"https:\/\/iprki.me\/en\/#website"},"primaryImageOfPage":{"@id":"https:\/\/iprki.me\/en\/product\/critical-infrastructure-protection-private-public-partnership\/#primaryimage"},"image":{"@id":"https:\/\/iprki.me\/en\/product\/critical-infrastructure-protection-private-public-partnership\/#primaryimage"},"thumbnailUrl":"https:\/\/iprki.me\/wp-content\/uploads\/2025\/06\/CIP_2_EN-scaled.webp","datePublished":"2025-06-27T01:03:00+00:00","dateModified":"2025-07-04T08:36:53+00:00","breadcrumb":{"@id":"https:\/\/iprki.me\/en\/product\/critical-infrastructure-protection-private-public-partnership\/#breadcrumb"},"inLanguage":"en-US","potentialAction":[{"@type":"ReadAction","target":["https:\/\/iprki.me\/en\/product\/critical-infrastructure-protection-private-public-partnership\/"]}]},{"@type":"ImageObject","inLanguage":"en-US","@id":"https:\/\/iprki.me\/en\/product\/critical-infrastructure-protection-private-public-partnership\/#primaryimage","url":"https:\/\/iprki.me\/wp-content\/uploads\/2025\/06\/CIP_2_EN-scaled.webp","contentUrl":"https:\/\/iprki.me\/wp-content\/uploads\/2025\/06\/CIP_2_EN-scaled.webp","width":2560,"height":1702},{"@type":"BreadcrumbList","@id":"https:\/\/iprki.me\/en\/product\/critical-infrastructure-protection-private-public-partnership\/#breadcrumb","itemListElement":[{"@type":"ListItem","position":1,"name":"Home","item":"https:\/\/iprki.me\/en\/"},{"@type":"ListItem","position":2,"name":"Shop","item":"https:\/\/iprki.me\/en\/shop\/"},{"@type":"ListItem","position":3,"name":"CRITICAL INFRASTRUCTURE PROTECTION \u2013 Private-public partnership"}]},{"@type":"WebSite","@id":"https:\/\/iprki.me\/en\/#website","url":"https:\/\/iprki.me\/en\/","name":"IPRKI","description":"Institut za procjenu rizika i kriti\u010dnu infrastrukturu","publisher":{"@id":"https:\/\/iprki.me\/en\/#organization"},"potentialAction":[{"@type":"SearchAction","target":{"@type":"EntryPoint","urlTemplate":"https:\/\/iprki.me\/en\/?s={search_term_string}"},"query-input":{"@type":"PropertyValueSpecification","valueRequired":true,"valueName":"search_term_string"}}],"inLanguage":"en-US"},{"@type":"Organization","@id":"https:\/\/iprki.me\/en\/#organization","name":"IPRKI - Institut za procjenu rizika i kriti\u010dnu infrastrukturu","alternateName":"IPRKI","url":"https:\/\/iprki.me\/en\/","logo":{"@type":"ImageObject","inLanguage":"en-US","@id":"https:\/\/iprki.me\/en\/#\/schema\/logo\/image\/","url":"https:\/\/iprki.me\/wp-content\/uploads\/2025\/05\/logo-500x500-1.jpg","contentUrl":"https:\/\/iprki.me\/wp-content\/uploads\/2025\/05\/logo-500x500-1.jpg","width":500,"height":500,"caption":"IPRKI - Institut za procjenu rizika i kriti\u010dnu infrastrukturu"},"image":{"@id":"https:\/\/iprki.me\/en\/#\/schema\/logo\/image\/"},"sameAs":["https:\/\/www.facebook.com\/IPRKI","https:\/\/www.linkedin.com\/company\/iprki","https:\/\/www.instagram.com\/iprki.me\/"],"description":"Institut za procjenu rizika i kriti\u010dnu infrastrukturu (IPRKI) je nevladina organizacija posve\u0107ena unapre\u0111enju bezbjednosti gra\u0111ana, privrednih subjekata i dru\u0161tva u cjelini. Na\u0161a misija je podizanje svijesti o postoje\u0107im i potencijalnim bezbjednosnim rizicima te ja\u010danje ljudske, nacionalne, regionalne i me\u0111unarodne sigurnosti.","email":"hi@iprki.me","foundingDate":"2016-01-01"}]}},"_links":{"self":[{"href":"https:\/\/iprki.me\/en\/wp-json\/wp\/v2\/product\/18426","targetHints":{"allow":["GET"]}}],"collection":[{"href":"https:\/\/iprki.me\/en\/wp-json\/wp\/v2\/product"}],"about":[{"href":"https:\/\/iprki.me\/en\/wp-json\/wp\/v2\/types\/product"}],"wp:featuredmedia":[{"embeddable":true,"href":"https:\/\/iprki.me\/en\/wp-json\/wp\/v2\/media\/18470"}],"wp:attachment":[{"href":"https:\/\/iprki.me\/en\/wp-json\/wp\/v2\/media?parent=18426"}],"wp:term":[{"taxonomy":"product_brand","embeddable":true,"href":"https:\/\/iprki.me\/en\/wp-json\/wp\/v2\/product_brand?post=18426"},{"taxonomy":"product_cat","embeddable":true,"href":"https:\/\/iprki.me\/en\/wp-json\/wp\/v2\/product_cat?post=18426"},{"taxonomy":"product_tag","embeddable":true,"href":"https:\/\/iprki.me\/en\/wp-json\/wp\/v2\/product_tag?post=18426"}],"curies":[{"name":"wp","href":"https:\/\/api.w.org\/{rel}","templated":true}]}}