{"id":18432,"date":"2025-06-27T02:51:06","date_gmt":"2025-06-27T00:51:06","guid":{"rendered":"https:\/\/iprki.me\/product\/zastita-kriticne-infrastrukture-praktikum-2-upravljanje-unutrasnjim-istragama\/"},"modified":"2025-07-04T10:38:28","modified_gmt":"2025-07-04T08:38:28","slug":"critical-infrastructure-protection-practicum-2-management-of-internal-investigations","status":"publish","type":"product","link":"https:\/\/iprki.me\/en\/product\/critical-infrastructure-protection-practicum-2-management-of-internal-investigations\/","title":{"rendered":"CRITICAL INFRASTRUCTURE PROTECTION \u2013 PRACTICUM 2 \u2013 Management of internal investigations"},"content":{"rendered":"<p>Internal investigation management in critical infrastructure protection is an important segment of security systems for preserving the security and integrity of vital facilities and systems. Internal investigations help in identifying, understanding and eliminating internal threats, as well as in preventing potential incidents.<\/p>\n<p>Managing and directing internal investigations enables timely identification and context of threats. Effective investigation management requires clearly defined procedures, professional staff and a high level of confidentiality, with continuous training and improvement of procedures.<\/p>\n<div class=\"_df_book df-lite\" id=\"df_18384\"  _slug=\"critical-infrastructure-protection-practicum-2-management-of-internal-investigations\" data-title=\"critical-infrastructure-protection-practicum-2-management-of-internal-investigations\" wpoptions=\"true\" thumb=\"https:\/\/iprki.me\/wp-content\/uploads\/2025\/06\/P_2_EN-1-scaled.webp\" thumbtype=\"\" ><\/div><script class=\"df-shortcode-script\" nowprocket type=\"application\/javascript\">window.option_df_18384 = {\"outline\":[],\"duration\":\"500\",\"autoEnableOutline\":\"false\",\"autoEnableThumbnail\":\"false\",\"overwritePDFOutline\":\"false\",\"direction\":\"1\",\"pageSize\":\"0\",\"source\":\"https:\\\/\\\/iprki.me\\\/wp-content\\\/uploads\\\/2025\\\/06\\\/Practicum-2-ENG-kratka-verzija.pdf\",\"wpOptions\":\"true\"}; if(window.DFLIP && window.DFLIP.parseBooks){window.DFLIP.parseBooks();}<\/script>\n","protected":false},"excerpt":{"rendered":"<p>Internal investigations are key to detecting and preventing threats within critical infrastructure, with clear procedures and high confidentiality.<\/p>\n<p><a href=\"https:\/\/www.amazon.com\/dp\/1401967493\"><img decoding=\"async\" class=\"alignnone wp-image-18514\" src=\"https:\/\/iprki.me\/wp-content\/uploads\/2025\/06\/amazon-button_EN.svg\" alt=\"\" width=\"200\" \/><\/a><\/p>\n<p>This book is also available in <a href=\"https:\/\/iprki.me\/proizvod\/zastita-kriticne-infrastrukture-praktikum-2-upravljanje-unutrasnjim-istragama\/\">Montenegrin<\/a>.<\/p>\n","protected":false},"featured_media":18462,"template":"","meta":[],"product_brand":[],"product_cat":[113],"product_tag":[],"class_list":{"0":"post-18432","1":"product","2":"type-product","3":"status-publish","4":"has-post-thumbnail","6":"product_cat-prirucnik-en","8":"first","9":"instock","10":"taxable","11":"shipping-taxable","12":"purchasable","13":"product-type-simple"},"yoast_head":"<!-- This site is optimized with the Yoast SEO Premium plugin v24.7 (Yoast SEO v24.7) - https:\/\/yoast.com\/wordpress\/plugins\/seo\/ -->\n<title>CRITICAL INFRASTRUCTURE PROTECTION \u2013 PRACTICUM 2 \u2013 Management of internal investigations - IPRKI<\/title>\n<meta name=\"robots\" content=\"noindex, follow\" \/>\n<meta property=\"og:locale\" content=\"en_US\" \/>\n<meta property=\"og:type\" content=\"article\" \/>\n<meta property=\"og:title\" content=\"CRITICAL INFRASTRUCTURE PROTECTION \u2013 PRACTICUM 2 \u2013 Management of internal investigations - IPRKI\" \/>\n<meta property=\"og:description\" content=\"Internal investigations are key to detecting and preventing threats within critical infrastructure, with clear procedures and high confidentiality.    This book is also available in Montenegrin.\" \/>\n<meta property=\"og:url\" content=\"https:\/\/iprki.me\/en\/product\/critical-infrastructure-protection-practicum-2-management-of-internal-investigations\/\" \/>\n<meta property=\"og:site_name\" content=\"IPRKI\" \/>\n<meta property=\"article:publisher\" content=\"https:\/\/www.facebook.com\/IPRKI\" \/>\n<meta property=\"article:modified_time\" content=\"2025-07-04T08:38:28+00:00\" \/>\n<meta property=\"og:image\" content=\"https:\/\/iprki.me\/wp-content\/uploads\/2025\/06\/P_2_EN-scaled.webp\" \/>\n\t<meta property=\"og:image:width\" content=\"2560\" \/>\n\t<meta property=\"og:image:height\" content=\"1740\" \/>\n\t<meta property=\"og:image:type\" content=\"image\/webp\" \/>\n<meta name=\"twitter:card\" content=\"summary_large_image\" \/>\n<meta name=\"twitter:label1\" content=\"Est. reading time\" \/>\n\t<meta name=\"twitter:data1\" content=\"1 minute\" \/>\n<script type=\"application\/ld+json\" class=\"yoast-schema-graph\">{\"@context\":\"https:\/\/schema.org\",\"@graph\":[{\"@type\":\"WebPage\",\"@id\":\"https:\/\/iprki.me\/en\/product\/critical-infrastructure-protection-practicum-2-management-of-internal-investigations\/\",\"url\":\"https:\/\/iprki.me\/en\/product\/critical-infrastructure-protection-practicum-2-management-of-internal-investigations\/\",\"name\":\"CRITICAL INFRASTRUCTURE PROTECTION \u2013 PRACTICUM 2 \u2013 Management of internal investigations - IPRKI\",\"isPartOf\":{\"@id\":\"https:\/\/iprki.me\/en\/#website\"},\"primaryImageOfPage\":{\"@id\":\"https:\/\/iprki.me\/en\/product\/critical-infrastructure-protection-practicum-2-management-of-internal-investigations\/#primaryimage\"},\"image\":{\"@id\":\"https:\/\/iprki.me\/en\/product\/critical-infrastructure-protection-practicum-2-management-of-internal-investigations\/#primaryimage\"},\"thumbnailUrl\":\"https:\/\/iprki.me\/wp-content\/uploads\/2025\/06\/P_2_EN-scaled.webp\",\"datePublished\":\"2025-06-27T00:51:06+00:00\",\"dateModified\":\"2025-07-04T08:38:28+00:00\",\"breadcrumb\":{\"@id\":\"https:\/\/iprki.me\/en\/product\/critical-infrastructure-protection-practicum-2-management-of-internal-investigations\/#breadcrumb\"},\"inLanguage\":\"en-US\",\"potentialAction\":[{\"@type\":\"ReadAction\",\"target\":[\"https:\/\/iprki.me\/en\/product\/critical-infrastructure-protection-practicum-2-management-of-internal-investigations\/\"]}]},{\"@type\":\"ImageObject\",\"inLanguage\":\"en-US\",\"@id\":\"https:\/\/iprki.me\/en\/product\/critical-infrastructure-protection-practicum-2-management-of-internal-investigations\/#primaryimage\",\"url\":\"https:\/\/iprki.me\/wp-content\/uploads\/2025\/06\/P_2_EN-scaled.webp\",\"contentUrl\":\"https:\/\/iprki.me\/wp-content\/uploads\/2025\/06\/P_2_EN-scaled.webp\",\"width\":2560,\"height\":1740},{\"@type\":\"BreadcrumbList\",\"@id\":\"https:\/\/iprki.me\/en\/product\/critical-infrastructure-protection-practicum-2-management-of-internal-investigations\/#breadcrumb\",\"itemListElement\":[{\"@type\":\"ListItem\",\"position\":1,\"name\":\"Home\",\"item\":\"https:\/\/iprki.me\/en\/\"},{\"@type\":\"ListItem\",\"position\":2,\"name\":\"Shop\",\"item\":\"https:\/\/iprki.me\/en\/shop\/\"},{\"@type\":\"ListItem\",\"position\":3,\"name\":\"CRITICAL INFRASTRUCTURE PROTECTION \u2013 PRACTICUM 2 \u2013 Management of internal investigations\"}]},{\"@type\":\"WebSite\",\"@id\":\"https:\/\/iprki.me\/en\/#website\",\"url\":\"https:\/\/iprki.me\/en\/\",\"name\":\"IPRKI\",\"description\":\"Institut za procjenu rizika i kriti\u010dnu infrastrukturu\",\"publisher\":{\"@id\":\"https:\/\/iprki.me\/en\/#organization\"},\"potentialAction\":[{\"@type\":\"SearchAction\",\"target\":{\"@type\":\"EntryPoint\",\"urlTemplate\":\"https:\/\/iprki.me\/en\/?s={search_term_string}\"},\"query-input\":{\"@type\":\"PropertyValueSpecification\",\"valueRequired\":true,\"valueName\":\"search_term_string\"}}],\"inLanguage\":\"en-US\"},{\"@type\":\"Organization\",\"@id\":\"https:\/\/iprki.me\/en\/#organization\",\"name\":\"IPRKI - Institut za procjenu rizika i kriti\u010dnu infrastrukturu\",\"alternateName\":\"IPRKI\",\"url\":\"https:\/\/iprki.me\/en\/\",\"logo\":{\"@type\":\"ImageObject\",\"inLanguage\":\"en-US\",\"@id\":\"https:\/\/iprki.me\/en\/#\/schema\/logo\/image\/\",\"url\":\"https:\/\/iprki.me\/wp-content\/uploads\/2025\/05\/logo-500x500-1.jpg\",\"contentUrl\":\"https:\/\/iprki.me\/wp-content\/uploads\/2025\/05\/logo-500x500-1.jpg\",\"width\":500,\"height\":500,\"caption\":\"IPRKI - Institut za procjenu rizika i kriti\u010dnu infrastrukturu\"},\"image\":{\"@id\":\"https:\/\/iprki.me\/en\/#\/schema\/logo\/image\/\"},\"sameAs\":[\"https:\/\/www.facebook.com\/IPRKI\",\"https:\/\/www.linkedin.com\/company\/iprki\",\"https:\/\/www.instagram.com\/iprki.me\/\"],\"description\":\"Institut za procjenu rizika i kriti\u010dnu infrastrukturu (IPRKI) je nevladina organizacija posve\u0107ena unapre\u0111enju bezbjednosti gra\u0111ana, privrednih subjekata i dru\u0161tva u cjelini. Na\u0161a misija je podizanje svijesti o postoje\u0107im i potencijalnim bezbjednosnim rizicima te ja\u010danje ljudske, nacionalne, regionalne i me\u0111unarodne sigurnosti.\",\"email\":\"hi@iprki.me\",\"foundingDate\":\"2016-01-01\"}]}<\/script>\n<!-- \/ Yoast SEO Premium plugin. -->","yoast_head_json":{"title":"CRITICAL INFRASTRUCTURE PROTECTION \u2013 PRACTICUM 2 \u2013 Management of internal investigations - IPRKI","robots":{"index":"noindex","follow":"follow"},"og_locale":"en_US","og_type":"article","og_title":"CRITICAL INFRASTRUCTURE PROTECTION \u2013 PRACTICUM 2 \u2013 Management of internal investigations - IPRKI","og_description":"Internal investigations are key to detecting and preventing threats within critical infrastructure, with clear procedures and high confidentiality.    This book is also available in Montenegrin.","og_url":"https:\/\/iprki.me\/en\/product\/critical-infrastructure-protection-practicum-2-management-of-internal-investigations\/","og_site_name":"IPRKI","article_publisher":"https:\/\/www.facebook.com\/IPRKI","article_modified_time":"2025-07-04T08:38:28+00:00","og_image":[{"width":2560,"height":1740,"url":"https:\/\/iprki.me\/wp-content\/uploads\/2025\/06\/P_2_EN-scaled.webp","type":"image\/webp"}],"twitter_card":"summary_large_image","twitter_misc":{"Est. reading time":"1 minute"},"schema":{"@context":"https:\/\/schema.org","@graph":[{"@type":"WebPage","@id":"https:\/\/iprki.me\/en\/product\/critical-infrastructure-protection-practicum-2-management-of-internal-investigations\/","url":"https:\/\/iprki.me\/en\/product\/critical-infrastructure-protection-practicum-2-management-of-internal-investigations\/","name":"CRITICAL INFRASTRUCTURE PROTECTION \u2013 PRACTICUM 2 \u2013 Management of internal investigations - IPRKI","isPartOf":{"@id":"https:\/\/iprki.me\/en\/#website"},"primaryImageOfPage":{"@id":"https:\/\/iprki.me\/en\/product\/critical-infrastructure-protection-practicum-2-management-of-internal-investigations\/#primaryimage"},"image":{"@id":"https:\/\/iprki.me\/en\/product\/critical-infrastructure-protection-practicum-2-management-of-internal-investigations\/#primaryimage"},"thumbnailUrl":"https:\/\/iprki.me\/wp-content\/uploads\/2025\/06\/P_2_EN-scaled.webp","datePublished":"2025-06-27T00:51:06+00:00","dateModified":"2025-07-04T08:38:28+00:00","breadcrumb":{"@id":"https:\/\/iprki.me\/en\/product\/critical-infrastructure-protection-practicum-2-management-of-internal-investigations\/#breadcrumb"},"inLanguage":"en-US","potentialAction":[{"@type":"ReadAction","target":["https:\/\/iprki.me\/en\/product\/critical-infrastructure-protection-practicum-2-management-of-internal-investigations\/"]}]},{"@type":"ImageObject","inLanguage":"en-US","@id":"https:\/\/iprki.me\/en\/product\/critical-infrastructure-protection-practicum-2-management-of-internal-investigations\/#primaryimage","url":"https:\/\/iprki.me\/wp-content\/uploads\/2025\/06\/P_2_EN-scaled.webp","contentUrl":"https:\/\/iprki.me\/wp-content\/uploads\/2025\/06\/P_2_EN-scaled.webp","width":2560,"height":1740},{"@type":"BreadcrumbList","@id":"https:\/\/iprki.me\/en\/product\/critical-infrastructure-protection-practicum-2-management-of-internal-investigations\/#breadcrumb","itemListElement":[{"@type":"ListItem","position":1,"name":"Home","item":"https:\/\/iprki.me\/en\/"},{"@type":"ListItem","position":2,"name":"Shop","item":"https:\/\/iprki.me\/en\/shop\/"},{"@type":"ListItem","position":3,"name":"CRITICAL INFRASTRUCTURE PROTECTION \u2013 PRACTICUM 2 \u2013 Management of internal investigations"}]},{"@type":"WebSite","@id":"https:\/\/iprki.me\/en\/#website","url":"https:\/\/iprki.me\/en\/","name":"IPRKI","description":"Institut za procjenu rizika i kriti\u010dnu infrastrukturu","publisher":{"@id":"https:\/\/iprki.me\/en\/#organization"},"potentialAction":[{"@type":"SearchAction","target":{"@type":"EntryPoint","urlTemplate":"https:\/\/iprki.me\/en\/?s={search_term_string}"},"query-input":{"@type":"PropertyValueSpecification","valueRequired":true,"valueName":"search_term_string"}}],"inLanguage":"en-US"},{"@type":"Organization","@id":"https:\/\/iprki.me\/en\/#organization","name":"IPRKI - Institut za procjenu rizika i kriti\u010dnu infrastrukturu","alternateName":"IPRKI","url":"https:\/\/iprki.me\/en\/","logo":{"@type":"ImageObject","inLanguage":"en-US","@id":"https:\/\/iprki.me\/en\/#\/schema\/logo\/image\/","url":"https:\/\/iprki.me\/wp-content\/uploads\/2025\/05\/logo-500x500-1.jpg","contentUrl":"https:\/\/iprki.me\/wp-content\/uploads\/2025\/05\/logo-500x500-1.jpg","width":500,"height":500,"caption":"IPRKI - Institut za procjenu rizika i kriti\u010dnu infrastrukturu"},"image":{"@id":"https:\/\/iprki.me\/en\/#\/schema\/logo\/image\/"},"sameAs":["https:\/\/www.facebook.com\/IPRKI","https:\/\/www.linkedin.com\/company\/iprki","https:\/\/www.instagram.com\/iprki.me\/"],"description":"Institut za procjenu rizika i kriti\u010dnu infrastrukturu (IPRKI) je nevladina organizacija posve\u0107ena unapre\u0111enju bezbjednosti gra\u0111ana, privrednih subjekata i dru\u0161tva u cjelini. Na\u0161a misija je podizanje svijesti o postoje\u0107im i potencijalnim bezbjednosnim rizicima te ja\u010danje ljudske, nacionalne, regionalne i me\u0111unarodne sigurnosti.","email":"hi@iprki.me","foundingDate":"2016-01-01"}]}},"_links":{"self":[{"href":"https:\/\/iprki.me\/en\/wp-json\/wp\/v2\/product\/18432","targetHints":{"allow":["GET"]}}],"collection":[{"href":"https:\/\/iprki.me\/en\/wp-json\/wp\/v2\/product"}],"about":[{"href":"https:\/\/iprki.me\/en\/wp-json\/wp\/v2\/types\/product"}],"wp:featuredmedia":[{"embeddable":true,"href":"https:\/\/iprki.me\/en\/wp-json\/wp\/v2\/media\/18462"}],"wp:attachment":[{"href":"https:\/\/iprki.me\/en\/wp-json\/wp\/v2\/media?parent=18432"}],"wp:term":[{"taxonomy":"product_brand","embeddable":true,"href":"https:\/\/iprki.me\/en\/wp-json\/wp\/v2\/product_brand?post=18432"},{"taxonomy":"product_cat","embeddable":true,"href":"https:\/\/iprki.me\/en\/wp-json\/wp\/v2\/product_cat?post=18432"},{"taxonomy":"product_tag","embeddable":true,"href":"https:\/\/iprki.me\/en\/wp-json\/wp\/v2\/product_tag?post=18432"}],"curies":[{"name":"wp","href":"https:\/\/api.w.org\/{rel}","templated":true}]}}